{"id":34076,"date":"2024-01-22T13:31:45","date_gmt":"2024-01-22T11:31:45","guid":{"rendered":"https:\/\/martinez-perfume.com\/en\/?post_type=product&#038;p=34076"},"modified":"2024-01-22T13:35:02","modified_gmt":"2024-01-22T11:35:02","slug":"notas-olfativas-familiares-parecidas-a-replica-jazz-club-martinez-370","status":"publish","type":"product","link":"https:\/\/martinez-perfume.com\/en\/producto\/notas-olfativas-familiares-parecidas-a-replica-jazz-club-martinez-370\/?lang=es","title":{"rendered":"notas olfativas familiares parecidas a Replica Jazz Club<br> Martinez 370"},"content":{"rendered":"","protected":false},"excerpt":{"rendered":"<p>El ambiente estimulante e \u00edntimo de un club de jazz confidencial. Replica Jazz Club evoca la estimulante atm\u00f3sfera de un club privado donde la m\u00fasica jazz y el aroma de los c\u00f3cteles impregnan hasta altas horas de la noche.<br \/>\nEl elegante aroma ahumado de los puros llena la habitaci\u00f3n mientras disfruta de la calidez del rico whisky, co\u00f1ac o ron.<br \/>\nLa tradici\u00f3n ha quedado inmortalizada a lo largo de generaciones, transmitiendo la direcci\u00f3n de un club de jazz privado de Brooklyn. Al entrar en el bar del s\u00f3tano, el olor especiado y amaderado infunde un ambiente animado e \u00edntimo.<\/p>\n<p>Las notas altas son pimienta rosa, neroli y lim\u00f3n; las notas medias son ron, aceite de vetiver de Java y esclarea; las notas de fondo son hoja de tabaco, vainilla y Styrax.<\/p>\n","protected":false},"featured_media":33965,"comment_status":"open","ping_status":"closed","template":"","meta":{"_acf_changed":false,"_monsterinsights_skip_tracking":false,"_monsterinsights_sitenote_active":false,"_monsterinsights_sitenote_note":"","_monsterinsights_sitenote_category":0},"product_cat":[365,366,367,368,360,372,370,362],"product_tag":[],"acf":[],"aioseo_notices":[],"_links":{"self":[{"href":"https:\/\/martinez-perfume.com\/en\/wp-json\/wp\/v2\/product\/34076"}],"collection":[{"href":"https:\/\/martinez-perfume.com\/en\/wp-json\/wp\/v2\/product"}],"about":[{"href":"https:\/\/martinez-perfume.com\/en\/wp-json\/wp\/v2\/types\/product"}],"replies":[{"embeddable":true,"href":"https:\/\/martinez-perfume.com\/en\/wp-json\/wp\/v2\/comments?post=34076"}],"wp:featuredmedia":[{"embeddable":true,"href":"https:\/\/martinez-perfume.com\/en\/wp-json\/wp\/v2\/media\/33965"}],"wp:attachment":[{"href":"https:\/\/martinez-perfume.com\/en\/wp-json\/wp\/v2\/media?parent=34076"}],"wp:term":[{"taxonomy":"product_cat","embeddable":true,"href":"https:\/\/martinez-perfume.com\/en\/wp-json\/wp\/v2\/product_cat?post=34076"},{"taxonomy":"product_tag","embeddable":true,"href":"https:\/\/martinez-perfume.com\/en\/wp-json\/wp\/v2\/product_tag?post=34076"}],"curies":[{"name":"wp","href":"https:\/\/api.w.org\/{rel}","templated":true}]}}