{"id":34045,"date":"2023-10-27T12:18:23","date_gmt":"2023-10-27T09:18:23","guid":{"rendered":"https:\/\/martinez-perfume.com\/en\/?post_type=product&#038;p=34045"},"modified":"2024-01-22T13:24:28","modified_gmt":"2024-01-22T11:24:28","slug":"notas-olfativas-familiares-parecidas-a-aura-martinez-104","status":"publish","type":"product","link":"https:\/\/martinez-perfume.com\/en\/producto\/notas-olfativas-familiares-parecidas-a-aura-martinez-104\/?lang=es","title":{"rendered":"notas olfativas familiares parecidas a Aura<br> Martinez 104"},"content":{"rendered":"","protected":false},"excerpt":{"rendered":"<p>Un aroma que fusiona fragancias bot\u00e1nicas y animales, dando lugar a un perfume muy femenino. Ideal para la mujer con un toque Salvaje que le gusta su independencia.<\/p>\n<p>Salida: Hojas de Bergamota y Ruibarbo. Coraz\u00f3n Ii: flor de naranjo, notas verdes y ylang-ylang. Ii Base: vainilla Bourbon, notas amaderadas, madera de \u00e1mbar y s\u00e1ndalo.<\/p>\n","protected":false},"featured_media":33967,"comment_status":"open","ping_status":"closed","template":"","meta":{"_acf_changed":false,"_monsterinsights_skip_tracking":false,"_monsterinsights_sitenote_active":false,"_monsterinsights_sitenote_note":"","_monsterinsights_sitenote_category":0},"product_cat":[364,367],"product_tag":[],"acf":[],"aioseo_notices":[],"_links":{"self":[{"href":"https:\/\/martinez-perfume.com\/en\/wp-json\/wp\/v2\/product\/34045"}],"collection":[{"href":"https:\/\/martinez-perfume.com\/en\/wp-json\/wp\/v2\/product"}],"about":[{"href":"https:\/\/martinez-perfume.com\/en\/wp-json\/wp\/v2\/types\/product"}],"replies":[{"embeddable":true,"href":"https:\/\/martinez-perfume.com\/en\/wp-json\/wp\/v2\/comments?post=34045"}],"wp:featuredmedia":[{"embeddable":true,"href":"https:\/\/martinez-perfume.com\/en\/wp-json\/wp\/v2\/media\/33967"}],"wp:attachment":[{"href":"https:\/\/martinez-perfume.com\/en\/wp-json\/wp\/v2\/media?parent=34045"}],"wp:term":[{"taxonomy":"product_cat","embeddable":true,"href":"https:\/\/martinez-perfume.com\/en\/wp-json\/wp\/v2\/product_cat?post=34045"},{"taxonomy":"product_tag","embeddable":true,"href":"https:\/\/martinez-perfume.com\/en\/wp-json\/wp\/v2\/product_tag?post=34045"}],"curies":[{"name":"wp","href":"https:\/\/api.w.org\/{rel}","templated":true}]}}