{"id":34034,"date":"2023-09-13T16:02:51","date_gmt":"2023-09-13T13:02:51","guid":{"rendered":"https:\/\/martinez-perfume.com\/en\/?post_type=product&#038;p=34034"},"modified":"2023-09-13T16:02:52","modified_gmt":"2023-09-13T13:02:52","slug":"notas-olfativas-familiares-parecidas-a-724-martinez-724","status":"publish","type":"product","link":"https:\/\/martinez-perfume.com\/en\/producto\/notas-olfativas-familiares-parecidas-a-724-martinez-724\/?lang=es","title":{"rendered":"notas olfativas familiares parecidas a 724 <br> Martinez 724"},"content":{"rendered":"","protected":false},"excerpt":{"rendered":"<p>Experimenta el ritmo de la ciudad con esta fragancia urbana que te transportar\u00e1 directamente a las calles de Nueva York. Fresco, limpio y con una dosis de energ\u00eda que endulzar\u00e1 tu cuerpo conquistando todos tus sentidos. Su adictiva combinaci\u00f3n de notas florales y almizcladas te dejar\u00e1n sin aliento, acelerando tus latidos al ritmo de frutas c\u00edtricas, un coraz\u00f3n de flores blancas y un fondo vibrante, \u00a1te sentir\u00e1s como si estuvieras en lo alto de un rascacielos disfrutando de las vistas!<\/p>\n<p>Las Notas de Salida son aldeh\u00eddos y bergamota de Calabria; las Notas de Coraz\u00f3n son jazm\u00edn egipcio, guisante de olor y naranja simulada; las Notas de Fondo son almizcle blanco y s\u00e1ndalo.<\/p>\n","protected":false},"featured_media":33965,"comment_status":"open","ping_status":"closed","template":"","meta":{"_acf_changed":false,"_monsterinsights_skip_tracking":false,"_monsterinsights_sitenote_active":false,"_monsterinsights_sitenote_note":"","_monsterinsights_sitenote_category":0},"product_cat":[364,365,368],"product_tag":[],"acf":[],"aioseo_notices":[],"_links":{"self":[{"href":"https:\/\/martinez-perfume.com\/en\/wp-json\/wp\/v2\/product\/34034"}],"collection":[{"href":"https:\/\/martinez-perfume.com\/en\/wp-json\/wp\/v2\/product"}],"about":[{"href":"https:\/\/martinez-perfume.com\/en\/wp-json\/wp\/v2\/types\/product"}],"replies":[{"embeddable":true,"href":"https:\/\/martinez-perfume.com\/en\/wp-json\/wp\/v2\/comments?post=34034"}],"wp:featuredmedia":[{"embeddable":true,"href":"https:\/\/martinez-perfume.com\/en\/wp-json\/wp\/v2\/media\/33965"}],"wp:attachment":[{"href":"https:\/\/martinez-perfume.com\/en\/wp-json\/wp\/v2\/media?parent=34034"}],"wp:term":[{"taxonomy":"product_cat","embeddable":true,"href":"https:\/\/martinez-perfume.com\/en\/wp-json\/wp\/v2\/product_cat?post=34034"},{"taxonomy":"product_tag","embeddable":true,"href":"https:\/\/martinez-perfume.com\/en\/wp-json\/wp\/v2\/product_tag?post=34034"}],"curies":[{"name":"wp","href":"https:\/\/api.w.org\/{rel}","templated":true}]}}