{"id":34032,"date":"2023-09-13T15:58:09","date_gmt":"2023-09-13T12:58:09","guid":{"rendered":"https:\/\/martinez-perfume.com\/en\/?post_type=product&#038;p=34032"},"modified":"2023-09-13T15:58:10","modified_gmt":"2023-09-13T12:58:10","slug":"notas-olfativas-familiares-parecidas-a-q-martinez-398","status":"publish","type":"product","link":"https:\/\/martinez-perfume.com\/en\/producto\/notas-olfativas-familiares-parecidas-a-q-martinez-398\/?lang=es","title":{"rendered":"notas olfativas familiares parecidas a Q <br> Martinez 398"},"content":{"rendered":"","protected":false},"excerpt":{"rendered":"<p>Este perfume te transporta cada d\u00eda a la belleza sensual de Italia. Exuda la pura alegr\u00eda de estar vivo y puedes sentirlo con solo una pulverizaci\u00f3n. Con su presencia delicada pero impactante, esta fragancia permanece durante todo el d\u00eda, record\u00e1ndote su ritmo sutil y sofisticado. Es el complemento perfecto para la mujer moderna que celebra la vida con pasi\u00f3n y estilo. En esencia, es un elixir de elegancia que admira la belleza de la vida en todas sus formas.<\/p>\n<p>Las Notas de Salida son lim\u00f3n siciliano, naranja roja y jazm\u00edn; las Notas de Coraz\u00f3n son cereza y heliotropo; Las notas de fondo son almizcle y cedro.<\/p>\n","protected":false},"featured_media":33967,"comment_status":"open","ping_status":"closed","template":"","meta":{"_acf_changed":false,"_monsterinsights_skip_tracking":false,"_monsterinsights_sitenote_active":false,"_monsterinsights_sitenote_note":"","_monsterinsights_sitenote_category":0},"product_cat":[364,367],"product_tag":[],"acf":[],"aioseo_notices":[],"_links":{"self":[{"href":"https:\/\/martinez-perfume.com\/en\/wp-json\/wp\/v2\/product\/34032"}],"collection":[{"href":"https:\/\/martinez-perfume.com\/en\/wp-json\/wp\/v2\/product"}],"about":[{"href":"https:\/\/martinez-perfume.com\/en\/wp-json\/wp\/v2\/types\/product"}],"replies":[{"embeddable":true,"href":"https:\/\/martinez-perfume.com\/en\/wp-json\/wp\/v2\/comments?post=34032"}],"wp:featuredmedia":[{"embeddable":true,"href":"https:\/\/martinez-perfume.com\/en\/wp-json\/wp\/v2\/media\/33967"}],"wp:attachment":[{"href":"https:\/\/martinez-perfume.com\/en\/wp-json\/wp\/v2\/media?parent=34032"}],"wp:term":[{"taxonomy":"product_cat","embeddable":true,"href":"https:\/\/martinez-perfume.com\/en\/wp-json\/wp\/v2\/product_cat?post=34032"},{"taxonomy":"product_tag","embeddable":true,"href":"https:\/\/martinez-perfume.com\/en\/wp-json\/wp\/v2\/product_tag?post=34032"}],"curies":[{"name":"wp","href":"https:\/\/api.w.org\/{rel}","templated":true}]}}