{"id":34031,"date":"2023-09-13T15:53:02","date_gmt":"2023-09-13T12:53:02","guid":{"rendered":"https:\/\/martinez-perfume.com\/en\/?post_type=product&#038;p=34031"},"modified":"2023-09-13T15:53:03","modified_gmt":"2023-09-13T12:53:03","slug":"notas-olfativas-familiares-parecidas-a-paradoxe-martinez-393","status":"publish","type":"product","link":"https:\/\/martinez-perfume.com\/en\/producto\/notas-olfativas-familiares-parecidas-a-paradoxe-martinez-393\/?lang=es","title":{"rendered":"notas olfativas familiares parecidas a Paradoxe <br> Martinez 393"},"content":{"rendered":"","protected":false},"excerpt":{"rendered":"<p>Atemporal, vanguardista, natural e innovador es exactamente como se presenta este perfume. Est\u00e1 dise\u00f1ado para reproducir los diversos hechos sobre la mujer. Una fragancia floral con sensualidad y sofisticaci\u00f3n a trav\u00e9s de notas ic\u00f3nicas como mandarina, sambac y vainilla bourbon. Esta fragancia te invita a descubrir un nuevo mundo de sensaciones arom\u00e1ticas indescriptibles. Es una verdadera celebraci\u00f3n que te recuerda que puedes lograr cualquier objetivo que te propongas. .<\/p>\n","protected":false},"featured_media":33967,"comment_status":"open","ping_status":"closed","template":"","meta":{"_acf_changed":false,"_monsterinsights_skip_tracking":false,"_monsterinsights_sitenote_active":false,"_monsterinsights_sitenote_note":"","_monsterinsights_sitenote_category":0},"product_cat":[364,367],"product_tag":[],"acf":[],"aioseo_notices":[],"_links":{"self":[{"href":"https:\/\/martinez-perfume.com\/en\/wp-json\/wp\/v2\/product\/34031"}],"collection":[{"href":"https:\/\/martinez-perfume.com\/en\/wp-json\/wp\/v2\/product"}],"about":[{"href":"https:\/\/martinez-perfume.com\/en\/wp-json\/wp\/v2\/types\/product"}],"replies":[{"embeddable":true,"href":"https:\/\/martinez-perfume.com\/en\/wp-json\/wp\/v2\/comments?post=34031"}],"wp:featuredmedia":[{"embeddable":true,"href":"https:\/\/martinez-perfume.com\/en\/wp-json\/wp\/v2\/media\/33967"}],"wp:attachment":[{"href":"https:\/\/martinez-perfume.com\/en\/wp-json\/wp\/v2\/media?parent=34031"}],"wp:term":[{"taxonomy":"product_cat","embeddable":true,"href":"https:\/\/martinez-perfume.com\/en\/wp-json\/wp\/v2\/product_cat?post=34031"},{"taxonomy":"product_tag","embeddable":true,"href":"https:\/\/martinez-perfume.com\/en\/wp-json\/wp\/v2\/product_tag?post=34031"}],"curies":[{"name":"wp","href":"https:\/\/api.w.org\/{rel}","templated":true}]}}