{"id":34030,"date":"2023-09-13T15:32:46","date_gmt":"2023-09-13T12:32:46","guid":{"rendered":"https:\/\/martinez-perfume.com\/en\/?post_type=product&#038;p=34030"},"modified":"2023-09-13T15:32:47","modified_gmt":"2023-09-13T12:32:47","slug":"notas-olfativas-familiares-parecidas-a-olympea-solar-martinez-309","status":"publish","type":"product","link":"https:\/\/martinez-perfume.com\/en\/producto\/notas-olfativas-familiares-parecidas-a-olympea-solar-martinez-309\/?lang=es","title":{"rendered":"notas olfativas familiares parecidas a Olympea Solar <br> Martinez 309"},"content":{"rendered":"","protected":false},"excerpt":{"rendered":"<p>Flores brillantes bajo el sol. un bouquet floral radiante que abraza la sorprendente sensualidad de los aromas y el soleado musgo de roble. Descubra la energ\u00eda chispeante de la mandarina y la piel de naranja, calentada por embriagadoras flores blancas y ylang-ylang. La sensaci\u00f3n instant\u00e1nea de ser transportado a un lugar soleado en un d\u00eda luminoso.<\/p>\n<p>Las Notas de Salida son flor de naranjo, piel de naranja y mandarina; las Notas de Coraz\u00f3n son gardenia tahitiana, flores blancas y musgo de roble; las Notas de Fondo son ylang-ylang y benju\u00ed.<\/p>\n","protected":false},"featured_media":33967,"comment_status":"open","ping_status":"closed","template":"","meta":{"_acf_changed":false,"_monsterinsights_skip_tracking":false,"_monsterinsights_sitenote_active":false,"_monsterinsights_sitenote_note":"","_monsterinsights_sitenote_category":0},"product_cat":[364,367],"product_tag":[],"acf":[],"aioseo_notices":[],"_links":{"self":[{"href":"https:\/\/martinez-perfume.com\/en\/wp-json\/wp\/v2\/product\/34030"}],"collection":[{"href":"https:\/\/martinez-perfume.com\/en\/wp-json\/wp\/v2\/product"}],"about":[{"href":"https:\/\/martinez-perfume.com\/en\/wp-json\/wp\/v2\/types\/product"}],"replies":[{"embeddable":true,"href":"https:\/\/martinez-perfume.com\/en\/wp-json\/wp\/v2\/comments?post=34030"}],"wp:featuredmedia":[{"embeddable":true,"href":"https:\/\/martinez-perfume.com\/en\/wp-json\/wp\/v2\/media\/33967"}],"wp:attachment":[{"href":"https:\/\/martinez-perfume.com\/en\/wp-json\/wp\/v2\/media?parent=34030"}],"wp:term":[{"taxonomy":"product_cat","embeddable":true,"href":"https:\/\/martinez-perfume.com\/en\/wp-json\/wp\/v2\/product_cat?post=34030"},{"taxonomy":"product_tag","embeddable":true,"href":"https:\/\/martinez-perfume.com\/en\/wp-json\/wp\/v2\/product_tag?post=34030"}],"curies":[{"name":"wp","href":"https:\/\/api.w.org\/{rel}","templated":true}]}}