{"id":34029,"date":"2023-09-13T15:30:09","date_gmt":"2023-09-13T12:30:09","guid":{"rendered":"https:\/\/martinez-perfume.com\/en\/?post_type=product&#038;p=34029"},"modified":"2023-09-13T15:30:09","modified_gmt":"2023-09-13T12:30:09","slug":"notas-olfativas-familiares-parecidas-a-aventus-for-her-martinez-128","status":"publish","type":"product","link":"https:\/\/martinez-perfume.com\/en\/producto\/notas-olfativas-familiares-parecidas-a-aventus-for-her-martinez-128\/?lang=es","title":{"rendered":"notas olfativas familiares parecidas a Aventus for her <br> Martinez 128"},"content":{"rendered":"","protected":false},"excerpt":{"rendered":"<p>Dise\u00f1ado para la mujer moderna y fuerte de HOY. Es una fragancia apasionada y fresca, con una feminidad vivaz que no te dejar\u00e1 indiferente.<\/p>\n<p>Las Notas de Salida son manzana verde, bergamota, lim\u00f3n, pachul\u00ed, pimienta rosa y violeta; las Notas de Coraz\u00f3n son almizcle, rosa, s\u00e1ndalo y styrax; Las Notas de Fondo son grosella negra, melocot\u00f3n, \u00e1mbar, lila e ylang-ylang.<\/p>\n","protected":false},"featured_media":33967,"comment_status":"open","ping_status":"closed","template":"","meta":{"_acf_changed":false,"_monsterinsights_skip_tracking":false,"_monsterinsights_sitenote_active":false,"_monsterinsights_sitenote_note":"","_monsterinsights_sitenote_category":0},"product_cat":[364,365,367],"product_tag":[],"acf":[],"aioseo_notices":[],"_links":{"self":[{"href":"https:\/\/martinez-perfume.com\/en\/wp-json\/wp\/v2\/product\/34029"}],"collection":[{"href":"https:\/\/martinez-perfume.com\/en\/wp-json\/wp\/v2\/product"}],"about":[{"href":"https:\/\/martinez-perfume.com\/en\/wp-json\/wp\/v2\/types\/product"}],"replies":[{"embeddable":true,"href":"https:\/\/martinez-perfume.com\/en\/wp-json\/wp\/v2\/comments?post=34029"}],"wp:featuredmedia":[{"embeddable":true,"href":"https:\/\/martinez-perfume.com\/en\/wp-json\/wp\/v2\/media\/33967"}],"wp:attachment":[{"href":"https:\/\/martinez-perfume.com\/en\/wp-json\/wp\/v2\/media?parent=34029"}],"wp:term":[{"taxonomy":"product_cat","embeddable":true,"href":"https:\/\/martinez-perfume.com\/en\/wp-json\/wp\/v2\/product_cat?post=34029"},{"taxonomy":"product_tag","embeddable":true,"href":"https:\/\/martinez-perfume.com\/en\/wp-json\/wp\/v2\/product_tag?post=34029"}],"curies":[{"name":"wp","href":"https:\/\/api.w.org\/{rel}","templated":true}]}}