{"id":33997,"date":"2023-07-05T17:40:43","date_gmt":"2023-07-05T14:40:43","guid":{"rendered":"https:\/\/martinez-perfume.com\/en\/?post_type=product&#038;p=33997"},"modified":"2023-07-11T15:48:56","modified_gmt":"2023-07-11T12:48:56","slug":"notas-olfativas-familiares-parecidas-a-xerjoff-naxos-martinez-455","status":"publish","type":"product","link":"https:\/\/martinez-perfume.com\/en\/producto\/notas-olfativas-familiares-parecidas-a-xerjoff-naxos-martinez-455\/?lang=es","title":{"rendered":"notas olfativas familiares parecidas a Naxos <br> Martinez 455"},"content":{"rendered":"","protected":false},"excerpt":{"rendered":"<p>Un homenaje a Sicilia, a la sensualidad y pasi\u00f3n del car\u00e1cter mediterr\u00e1neo. La combinaci\u00f3n de sus componentes lo convierten en un aroma completamente \u00fanico e inolvidable. Al principio, sus notas c\u00edtricas te llenar\u00e1n de energ\u00eda y alegr\u00eda, para luego llenarte de intensidad y exotismo gracias a la miel, la hoja de tabaco o el haba tonka.<\/p>\n<p>Notas de salida: bergamota, lim\u00f3n, lavanda || Notas de coraz\u00f3n: Jazm\u00edn Sambac, Canela, Miel, Cachemira || Base: hoja de tabaco, haba tonka, vainilla<\/p>\n","protected":false},"featured_media":33965,"comment_status":"open","ping_status":"closed","template":"","meta":{"_acf_changed":false,"_monsterinsights_skip_tracking":false,"_monsterinsights_sitenote_active":false,"_monsterinsights_sitenote_note":"","_monsterinsights_sitenote_category":0},"product_cat":[364,365,368],"product_tag":[],"acf":[],"aioseo_notices":[],"_links":{"self":[{"href":"https:\/\/martinez-perfume.com\/en\/wp-json\/wp\/v2\/product\/33997"}],"collection":[{"href":"https:\/\/martinez-perfume.com\/en\/wp-json\/wp\/v2\/product"}],"about":[{"href":"https:\/\/martinez-perfume.com\/en\/wp-json\/wp\/v2\/types\/product"}],"replies":[{"embeddable":true,"href":"https:\/\/martinez-perfume.com\/en\/wp-json\/wp\/v2\/comments?post=33997"}],"wp:featuredmedia":[{"embeddable":true,"href":"https:\/\/martinez-perfume.com\/en\/wp-json\/wp\/v2\/media\/33965"}],"wp:attachment":[{"href":"https:\/\/martinez-perfume.com\/en\/wp-json\/wp\/v2\/media?parent=33997"}],"wp:term":[{"taxonomy":"product_cat","embeddable":true,"href":"https:\/\/martinez-perfume.com\/en\/wp-json\/wp\/v2\/product_cat?post=33997"},{"taxonomy":"product_tag","embeddable":true,"href":"https:\/\/martinez-perfume.com\/en\/wp-json\/wp\/v2\/product_tag?post=33997"}],"curies":[{"name":"wp","href":"https:\/\/api.w.org\/{rel}","templated":true}]}}