{"id":33995,"date":"2023-07-05T17:31:35","date_gmt":"2023-07-05T14:31:35","guid":{"rendered":"https:\/\/martinez-perfume.com\/en\/?post_type=product&#038;p=33995"},"modified":"2023-07-11T15:50:11","modified_gmt":"2023-07-11T12:50:11","slug":"notas-olfativas-familiares-parecidas-a-kilian-lheure-verte-martinez-353","status":"publish","type":"product","link":"https:\/\/martinez-perfume.com\/en\/producto\/notas-olfativas-familiares-parecidas-a-kilian-lheure-verte-martinez-353\/?lang=es","title":{"rendered":"notas olfativas familiares parecidas a L&#8217;Heure Verte <br> Martinez 353"},"content":{"rendered":"","protected":false},"excerpt":{"rendered":"<p>La nota m\u00e1s alta es absenta; las Notas de Coraz\u00f3n son regaliz y hojas de violeta; las Notas de Fondo son pachul\u00ed, vetiver, notas amaderadas y s\u00e1ndalo.<\/p>\n","protected":false},"featured_media":33965,"comment_status":"open","ping_status":"closed","template":"","meta":{"_acf_changed":false,"_monsterinsights_skip_tracking":false,"_monsterinsights_sitenote_active":false,"_monsterinsights_sitenote_note":"","_monsterinsights_sitenote_category":0},"product_cat":[364,365,368],"product_tag":[],"acf":[],"aioseo_notices":[],"_links":{"self":[{"href":"https:\/\/martinez-perfume.com\/en\/wp-json\/wp\/v2\/product\/33995"}],"collection":[{"href":"https:\/\/martinez-perfume.com\/en\/wp-json\/wp\/v2\/product"}],"about":[{"href":"https:\/\/martinez-perfume.com\/en\/wp-json\/wp\/v2\/types\/product"}],"replies":[{"embeddable":true,"href":"https:\/\/martinez-perfume.com\/en\/wp-json\/wp\/v2\/comments?post=33995"}],"wp:featuredmedia":[{"embeddable":true,"href":"https:\/\/martinez-perfume.com\/en\/wp-json\/wp\/v2\/media\/33965"}],"wp:attachment":[{"href":"https:\/\/martinez-perfume.com\/en\/wp-json\/wp\/v2\/media?parent=33995"}],"wp:term":[{"taxonomy":"product_cat","embeddable":true,"href":"https:\/\/martinez-perfume.com\/en\/wp-json\/wp\/v2\/product_cat?post=33995"},{"taxonomy":"product_tag","embeddable":true,"href":"https:\/\/martinez-perfume.com\/en\/wp-json\/wp\/v2\/product_tag?post=33995"}],"curies":[{"name":"wp","href":"https:\/\/api.w.org\/{rel}","templated":true}]}}