{"id":33993,"date":"2023-07-05T17:12:38","date_gmt":"2023-07-05T14:25:48","guid":{"rendered":"https:\/\/martinez-perfume.com\/en\/?post_type=product&#038;p=33993"},"modified":"2023-07-05T17:25:48","modified_gmt":"2023-07-05T14:25:48","slug":"notas-olfativas-familiares-parecidas-a-amouage-opus-v-library-collection-martinez-266","status":"publish","type":"product","link":"https:\/\/martinez-perfume.com\/en\/producto\/notas-olfativas-familiares-parecidas-a-amouage-opus-v-library-collection-martinez-266\/?lang=es","title":{"rendered":"notas olfativas familiares parecidas a Amouage &#8211; Opus V Library Collection <br> Martinez 266"},"content":{"rendered":"","protected":false},"excerpt":{"rendered":"<p>Las Notas de Salida son ra\u00edz de lirio y ron; las Notas de Coraz\u00f3n son iris, rosa y jazm\u00edn; las Notas de Fondo son madera de oud, notas amaderadas y civetta.<\/p>\n","protected":false},"featured_media":33965,"comment_status":"open","ping_status":"closed","template":"","meta":{"_acf_changed":false,"_monsterinsights_skip_tracking":false,"_monsterinsights_sitenote_active":false,"_monsterinsights_sitenote_note":"","_monsterinsights_sitenote_category":0},"product_cat":[364,365,368],"product_tag":[],"acf":[],"aioseo_notices":[],"_links":{"self":[{"href":"https:\/\/martinez-perfume.com\/en\/wp-json\/wp\/v2\/product\/33993"}],"collection":[{"href":"https:\/\/martinez-perfume.com\/en\/wp-json\/wp\/v2\/product"}],"about":[{"href":"https:\/\/martinez-perfume.com\/en\/wp-json\/wp\/v2\/types\/product"}],"replies":[{"embeddable":true,"href":"https:\/\/martinez-perfume.com\/en\/wp-json\/wp\/v2\/comments?post=33993"}],"wp:featuredmedia":[{"embeddable":true,"href":"https:\/\/martinez-perfume.com\/en\/wp-json\/wp\/v2\/media\/33965"}],"wp:attachment":[{"href":"https:\/\/martinez-perfume.com\/en\/wp-json\/wp\/v2\/media?parent=33993"}],"wp:term":[{"taxonomy":"product_cat","embeddable":true,"href":"https:\/\/martinez-perfume.com\/en\/wp-json\/wp\/v2\/product_cat?post=33993"},{"taxonomy":"product_tag","embeddable":true,"href":"https:\/\/martinez-perfume.com\/en\/wp-json\/wp\/v2\/product_tag?post=33993"}],"curies":[{"name":"wp","href":"https:\/\/api.w.org\/{rel}","templated":true}]}}