{"id":33982,"date":"2023-06-29T14:11:54","date_gmt":"2023-06-29T11:11:54","guid":{"rendered":"https:\/\/martinez-perfume.com\/en\/?post_type=product&#038;p=33982"},"modified":"2023-07-11T16:20:51","modified_gmt":"2023-07-11T13:20:51","slug":"notas-olfativas-familiares-parecidas-a-j-p-g-le-male-martinez-791","status":"publish","type":"product","link":"https:\/\/martinez-perfume.com\/en\/producto\/notas-olfativas-familiares-parecidas-a-j-p-g-le-male-martinez-791\/?lang=es","title":{"rendered":"notas olfativas familiares parecidas a LE MALE <br> Martinez 791"},"content":{"rendered":"","protected":false},"excerpt":{"rendered":"<p>Una fragancia \u00fanica que dejar\u00e1 tras de ti una estela memorable. Para el hombre que quiere una fragancia universal, fresca y al mismo tiempo c\u00e1lida. Muy intenso y seductor.<\/p>\n<p>Las Notas de Salida son lavanda, menta, cardamomo, bergamota y abr\u00f3tano; las Notas de Coraz\u00f3n son canela, flor de azahar del naranjo y alcaravea; las Notas de Fondo son vainilla, haba tonka, \u00e1mbar, s\u00e1ndalo y cedro.<\/p>\n","protected":false},"featured_media":33965,"comment_status":"open","ping_status":"closed","template":"","meta":{"_acf_changed":false,"_monsterinsights_skip_tracking":false,"_monsterinsights_sitenote_active":false,"_monsterinsights_sitenote_note":"","_monsterinsights_sitenote_category":0},"product_cat":[364,365,368],"product_tag":[],"acf":[],"aioseo_notices":[],"_links":{"self":[{"href":"https:\/\/martinez-perfume.com\/en\/wp-json\/wp\/v2\/product\/33982"}],"collection":[{"href":"https:\/\/martinez-perfume.com\/en\/wp-json\/wp\/v2\/product"}],"about":[{"href":"https:\/\/martinez-perfume.com\/en\/wp-json\/wp\/v2\/types\/product"}],"replies":[{"embeddable":true,"href":"https:\/\/martinez-perfume.com\/en\/wp-json\/wp\/v2\/comments?post=33982"}],"wp:featuredmedia":[{"embeddable":true,"href":"https:\/\/martinez-perfume.com\/en\/wp-json\/wp\/v2\/media\/33965"}],"wp:attachment":[{"href":"https:\/\/martinez-perfume.com\/en\/wp-json\/wp\/v2\/media?parent=33982"}],"wp:term":[{"taxonomy":"product_cat","embeddable":true,"href":"https:\/\/martinez-perfume.com\/en\/wp-json\/wp\/v2\/product_cat?post=33982"},{"taxonomy":"product_tag","embeddable":true,"href":"https:\/\/martinez-perfume.com\/en\/wp-json\/wp\/v2\/product_tag?post=33982"}],"curies":[{"name":"wp","href":"https:\/\/api.w.org\/{rel}","templated":true}]}}