{"id":33981,"date":"2023-06-29T14:09:14","date_gmt":"2023-06-29T11:09:14","guid":{"rendered":"https:\/\/martinez-perfume.com\/en\/?post_type=product&#038;p=33981"},"modified":"2023-12-12T14:12:52","modified_gmt":"2023-12-12T12:12:52","slug":"notas-olfativas-familiares-parecidas-a-rumz-al-rassasi-9325-martinez-601","status":"publish","type":"product","link":"https:\/\/martinez-perfume.com\/en\/producto\/notas-olfativas-familiares-parecidas-a-rumz-al-rassasi-9325-martinez-601\/?lang=es","title":{"rendered":"notas olfativas familiares parecidas a RUMZ AL RASSASI &#8211; 9325 <br> Martinez 601"},"content":{"rendered":"","protected":false},"excerpt":{"rendered":"<p>Inspirada en la gracia y la fluidez de la cebra, esta fragancia celebra la fuerza y \u200b\u200bla gracia de la forma masculina. El perfume ya se ha convertido en un himno de culto para los j\u00f3venes que quieren destacarse con una firma arom\u00e1tica \u00fanica.<\/p>\n<p>Las Notas de Salida son pi\u00f1a, lima, lim\u00f3n, bergamota, pimienta negra, ciruela y pera; las Notas de Coraz\u00f3n son jazm\u00edn, fresia y lirio de los valles; las Notas de Fondo son \u00e1mbar, cedro, cuero, almizcle blanco, musgo de roble y pachul\u00ed.<\/p>\n","protected":false},"featured_media":33965,"comment_status":"open","ping_status":"closed","template":"","meta":{"_acf_changed":false,"_monsterinsights_skip_tracking":false,"_monsterinsights_sitenote_active":false,"_monsterinsights_sitenote_note":"","_monsterinsights_sitenote_category":0},"product_cat":[364,365,368],"product_tag":[],"acf":[],"aioseo_notices":[],"_links":{"self":[{"href":"https:\/\/martinez-perfume.com\/en\/wp-json\/wp\/v2\/product\/33981"}],"collection":[{"href":"https:\/\/martinez-perfume.com\/en\/wp-json\/wp\/v2\/product"}],"about":[{"href":"https:\/\/martinez-perfume.com\/en\/wp-json\/wp\/v2\/types\/product"}],"replies":[{"embeddable":true,"href":"https:\/\/martinez-perfume.com\/en\/wp-json\/wp\/v2\/comments?post=33981"}],"wp:featuredmedia":[{"embeddable":true,"href":"https:\/\/martinez-perfume.com\/en\/wp-json\/wp\/v2\/media\/33965"}],"wp:attachment":[{"href":"https:\/\/martinez-perfume.com\/en\/wp-json\/wp\/v2\/media?parent=33981"}],"wp:term":[{"taxonomy":"product_cat","embeddable":true,"href":"https:\/\/martinez-perfume.com\/en\/wp-json\/wp\/v2\/product_cat?post=33981"},{"taxonomy":"product_tag","embeddable":true,"href":"https:\/\/martinez-perfume.com\/en\/wp-json\/wp\/v2\/product_tag?post=33981"}],"curies":[{"name":"wp","href":"https:\/\/api.w.org\/{rel}","templated":true}]}}