{"id":33979,"date":"2023-06-29T14:04:26","date_gmt":"2023-06-29T11:04:26","guid":{"rendered":"https:\/\/martinez-perfume.com\/en\/?post_type=product&#038;p=33979"},"modified":"2023-06-29T14:04:26","modified_gmt":"2023-06-29T11:04:26","slug":"notas-olfativas-familiares-parecidas-a-lost-cherry-martinez-287","status":"publish","type":"product","link":"https:\/\/martinez-perfume.com\/en\/producto\/notas-olfativas-familiares-parecidas-a-lost-cherry-martinez-287\/?lang=es","title":{"rendered":"notas olfativas familiares parecidas a LOST CHERRY <br> Martinez 287"},"content":{"rendered":"","protected":false},"excerpt":{"rendered":"<p>Entre la tierra y el cielo hay algo especial y es este perfume que cruza la frontera de lo terrenal a lo celestial. Transportar\u00e1 tu cuerpo a la encrucijada de la seducci\u00f3n, la dulzura y la tentaci\u00f3n a la que nadie podr\u00e1 resistir.<\/p>\n<p>Las Notas de Salida son almendra amarga, licor y cereza negra; las Notas de Coraz\u00f3n son guinda, ciruela, rosa turca y jazm\u00edn sambac; las Notas de Fondo son haba tonka, vainilla, canela, b\u00e1lsamo peruano, benju\u00ed, s\u00e1ndalo, clavo, cedro, pachul\u00ed y vetiver.<\/p>\n","protected":false},"featured_media":33965,"comment_status":"open","ping_status":"closed","template":"","meta":{"_acf_changed":false,"_monsterinsights_skip_tracking":false,"_monsterinsights_sitenote_active":false,"_monsterinsights_sitenote_note":"","_monsterinsights_sitenote_category":0},"product_cat":[364,365,368],"product_tag":[],"acf":[],"aioseo_notices":[],"_links":{"self":[{"href":"https:\/\/martinez-perfume.com\/en\/wp-json\/wp\/v2\/product\/33979"}],"collection":[{"href":"https:\/\/martinez-perfume.com\/en\/wp-json\/wp\/v2\/product"}],"about":[{"href":"https:\/\/martinez-perfume.com\/en\/wp-json\/wp\/v2\/types\/product"}],"replies":[{"embeddable":true,"href":"https:\/\/martinez-perfume.com\/en\/wp-json\/wp\/v2\/comments?post=33979"}],"wp:featuredmedia":[{"embeddable":true,"href":"https:\/\/martinez-perfume.com\/en\/wp-json\/wp\/v2\/media\/33965"}],"wp:attachment":[{"href":"https:\/\/martinez-perfume.com\/en\/wp-json\/wp\/v2\/media?parent=33979"}],"wp:term":[{"taxonomy":"product_cat","embeddable":true,"href":"https:\/\/martinez-perfume.com\/en\/wp-json\/wp\/v2\/product_cat?post=33979"},{"taxonomy":"product_tag","embeddable":true,"href":"https:\/\/martinez-perfume.com\/en\/wp-json\/wp\/v2\/product_tag?post=33979"}],"curies":[{"name":"wp","href":"https:\/\/api.w.org\/{rel}","templated":true}]}}