{"id":33978,"date":"2023-06-29T14:01:25","date_gmt":"2023-06-29T11:01:25","guid":{"rendered":"https:\/\/martinez-perfume.com\/en\/?post_type=product&#038;p=33978"},"modified":"2023-12-12T14:13:07","modified_gmt":"2023-12-12T12:13:07","slug":"notas-olfativas-familiares-parecidas-a-soleil-blanc-martinez-285","status":"publish","type":"product","link":"https:\/\/martinez-perfume.com\/en\/producto\/notas-olfativas-familiares-parecidas-a-soleil-blanc-martinez-285\/?lang=es","title":{"rendered":"notas olfativas familiares parecidas a SOLEIL BLANC <br> Martinez 285"},"content":{"rendered":"","protected":false},"excerpt":{"rendered":"<p>Imagina una playa paradis\u00edaca donde el verano nunca termina. Esto inspira esta fragancia, que es un homenaje al sol y al lujo c\u00e1lido y ex\u00f3tico. Sofisticado, seductor y refrescantemente decadente, es perfecto para el uso diario.<\/p>\n<p>Las Notas de Salida son pistacho, bergamota, cardamomo y pimienta rosa; las Notas de Coraz\u00f3n son nardos, ylang-ylang y jazm\u00edn; las Notas de Fondo son coco, \u00e1mbar, haba tonka y benju\u00ed.<\/p>\n","protected":false},"featured_media":33965,"comment_status":"open","ping_status":"closed","template":"","meta":{"_acf_changed":false,"_monsterinsights_skip_tracking":false,"_monsterinsights_sitenote_active":false,"_monsterinsights_sitenote_note":"","_monsterinsights_sitenote_category":0},"product_cat":[364,365,368],"product_tag":[],"acf":[],"aioseo_notices":[],"_links":{"self":[{"href":"https:\/\/martinez-perfume.com\/en\/wp-json\/wp\/v2\/product\/33978"}],"collection":[{"href":"https:\/\/martinez-perfume.com\/en\/wp-json\/wp\/v2\/product"}],"about":[{"href":"https:\/\/martinez-perfume.com\/en\/wp-json\/wp\/v2\/types\/product"}],"replies":[{"embeddable":true,"href":"https:\/\/martinez-perfume.com\/en\/wp-json\/wp\/v2\/comments?post=33978"}],"wp:featuredmedia":[{"embeddable":true,"href":"https:\/\/martinez-perfume.com\/en\/wp-json\/wp\/v2\/media\/33965"}],"wp:attachment":[{"href":"https:\/\/martinez-perfume.com\/en\/wp-json\/wp\/v2\/media?parent=33978"}],"wp:term":[{"taxonomy":"product_cat","embeddable":true,"href":"https:\/\/martinez-perfume.com\/en\/wp-json\/wp\/v2\/product_cat?post=33978"},{"taxonomy":"product_tag","embeddable":true,"href":"https:\/\/martinez-perfume.com\/en\/wp-json\/wp\/v2\/product_tag?post=33978"}],"curies":[{"name":"wp","href":"https:\/\/api.w.org\/{rel}","templated":true}]}}