{"id":33977,"date":"2023-06-29T13:58:22","date_gmt":"2023-06-29T10:58:22","guid":{"rendered":"https:\/\/martinez-perfume.com\/en\/?post_type=product&#038;p=33977"},"modified":"2023-06-29T13:58:23","modified_gmt":"2023-06-29T10:58:23","slug":"notas-olfativas-familiares-parecidas-a-bitter-peach-martinez-284","status":"publish","type":"product","link":"https:\/\/martinez-perfume.com\/en\/producto\/notas-olfativas-familiares-parecidas-a-bitter-peach-martinez-284\/?lang=es","title":{"rendered":"notas olfativas familiares parecidas a BITTER PEACH <br> Martinez 284"},"content":{"rendered":"","protected":false},"excerpt":{"rendered":"<p>Una fragancia para la estimulaci\u00f3n sensorial din\u00e1mica, llena de poder. Una fragancia excitante y placentera que te har\u00e1 completamente magn\u00e9tico.<\/p>\n<p>Las Notas de Salida son durazno (melocot\u00f3n), naranja sanguina, cardamomo y heliotropo; las Notas de Coraz\u00f3n son ron, co\u00f1ac, davana y jazm\u00edn; las Notas de Fondo son hojas de pachul\u00ed de Indonesia, vainilla, haba tonka, s\u00e1ndalo, benju\u00ed, cachemira, styrax, l\u00e1dano y vetiver.<\/p>\n","protected":false},"featured_media":33965,"comment_status":"open","ping_status":"closed","template":"","meta":{"_acf_changed":false,"_monsterinsights_skip_tracking":false,"_monsterinsights_sitenote_active":false,"_monsterinsights_sitenote_note":"","_monsterinsights_sitenote_category":0},"product_cat":[364,365,368],"product_tag":[],"acf":[],"aioseo_notices":[],"_links":{"self":[{"href":"https:\/\/martinez-perfume.com\/en\/wp-json\/wp\/v2\/product\/33977"}],"collection":[{"href":"https:\/\/martinez-perfume.com\/en\/wp-json\/wp\/v2\/product"}],"about":[{"href":"https:\/\/martinez-perfume.com\/en\/wp-json\/wp\/v2\/types\/product"}],"replies":[{"embeddable":true,"href":"https:\/\/martinez-perfume.com\/en\/wp-json\/wp\/v2\/comments?post=33977"}],"wp:featuredmedia":[{"embeddable":true,"href":"https:\/\/martinez-perfume.com\/en\/wp-json\/wp\/v2\/media\/33965"}],"wp:attachment":[{"href":"https:\/\/martinez-perfume.com\/en\/wp-json\/wp\/v2\/media?parent=33977"}],"wp:term":[{"taxonomy":"product_cat","embeddable":true,"href":"https:\/\/martinez-perfume.com\/en\/wp-json\/wp\/v2\/product_cat?post=33977"},{"taxonomy":"product_tag","embeddable":true,"href":"https:\/\/martinez-perfume.com\/en\/wp-json\/wp\/v2\/product_tag?post=33977"}],"curies":[{"name":"wp","href":"https:\/\/api.w.org\/{rel}","templated":true}]}}