{"id":33976,"date":"2023-06-29T13:55:02","date_gmt":"2023-06-29T10:55:02","guid":{"rendered":"https:\/\/martinez-perfume.com\/en\/?post_type=product&#038;p=33976"},"modified":"2023-06-29T13:55:02","modified_gmt":"2023-06-29T10:55:02","slug":"notas-olfativas-familiares-parecidas-a-ombre-leather-martinez-283","status":"publish","type":"product","link":"https:\/\/martinez-perfume.com\/en\/producto\/notas-olfativas-familiares-parecidas-a-ombre-leather-martinez-283\/?lang=es","title":{"rendered":"notas olfativas familiares parecidas a OMBRE LEATHER <br> Martinez 283"},"content":{"rendered":"","protected":false},"excerpt":{"rendered":"<p id=\"tw-target-text\" class=\"tw-data-text tw-text-large tw-ta\" dir=\"ltr\" data-placeholder=\"Translation\"><span class=\"Y2IQFc\" lang=\"es\">Una fragancia muy elegante; huele a elegancia y lujo. Tiene un intenso aroma a cuero que te har\u00e1 sentir como si estuvieras en un auto deportivo con asientos de cuero. Para hombres y mujeres din\u00e1micos, independientes y con una sensualidad \u00fanica. <\/span><\/p>\n<p class=\"tw-data-text tw-text-large tw-ta\" dir=\"ltr\" data-placeholder=\"Translation\"><span class=\"Y2IQFc\" lang=\"es\">Nota de salida: cardamomo. Notas medias: jazm\u00edn \u00e1rabe y cuero. Notas de fondo: pachul\u00ed, \u00e1mbar y musgo.<\/span><\/p>\n","protected":false},"featured_media":33965,"comment_status":"open","ping_status":"closed","template":"","meta":{"_acf_changed":false,"_monsterinsights_skip_tracking":false,"_monsterinsights_sitenote_active":false,"_monsterinsights_sitenote_note":"","_monsterinsights_sitenote_category":0},"product_cat":[364,368],"product_tag":[],"acf":[],"aioseo_notices":[],"_links":{"self":[{"href":"https:\/\/martinez-perfume.com\/en\/wp-json\/wp\/v2\/product\/33976"}],"collection":[{"href":"https:\/\/martinez-perfume.com\/en\/wp-json\/wp\/v2\/product"}],"about":[{"href":"https:\/\/martinez-perfume.com\/en\/wp-json\/wp\/v2\/types\/product"}],"replies":[{"embeddable":true,"href":"https:\/\/martinez-perfume.com\/en\/wp-json\/wp\/v2\/comments?post=33976"}],"wp:featuredmedia":[{"embeddable":true,"href":"https:\/\/martinez-perfume.com\/en\/wp-json\/wp\/v2\/media\/33965"}],"wp:attachment":[{"href":"https:\/\/martinez-perfume.com\/en\/wp-json\/wp\/v2\/media?parent=33976"}],"wp:term":[{"taxonomy":"product_cat","embeddable":true,"href":"https:\/\/martinez-perfume.com\/en\/wp-json\/wp\/v2\/product_cat?post=33976"},{"taxonomy":"product_tag","embeddable":true,"href":"https:\/\/martinez-perfume.com\/en\/wp-json\/wp\/v2\/product_tag?post=33976"}],"curies":[{"name":"wp","href":"https:\/\/api.w.org\/{rel}","templated":true}]}}