{"id":33957,"date":"2023-06-15T11:15:04","date_gmt":"2023-06-15T08:15:04","guid":{"rendered":"https:\/\/martinez-perfume.com\/en\/?post_type=product&#038;p=33957"},"modified":"2023-06-29T14:14:15","modified_gmt":"2023-06-29T11:14:15","slug":"notas-olfativas-familiares-parecidas-a-very-good-girl-martinez-325","status":"publish","type":"product","link":"https:\/\/martinez-perfume.com\/en\/producto\/notas-olfativas-familiares-parecidas-a-very-good-girl-martinez-325\/?lang=es","title":{"rendered":"notas olfativas familiares parecidas a Very Good Girl<br> Martinez 325"},"content":{"rendered":"","protected":false},"excerpt":{"rendered":"<p>La idea esencial del perfume es reflejar la multifac\u00e9tica esencia femenina tejida desde tantos matices diferentes como la propia tentaci\u00f3n arom\u00e1tica. \u00a1Very Good Girl, moderna, femenina e inspiradora, revelar\u00e1 tu verdadera belleza!<\/p>\n<p>Las Notas de Salida son lichi y grosellas rojas; la Nota de Coraz\u00f3n es rosa; las Notas de Fondo son vainilla y vetiver.<\/p>\n","protected":false},"featured_media":33967,"comment_status":"open","ping_status":"closed","template":"","meta":{"_acf_changed":false,"_monsterinsights_skip_tracking":false,"_monsterinsights_sitenote_active":false,"_monsterinsights_sitenote_note":"","_monsterinsights_sitenote_category":0},"product_cat":[364,367],"product_tag":[],"acf":[],"aioseo_notices":[],"_links":{"self":[{"href":"https:\/\/martinez-perfume.com\/en\/wp-json\/wp\/v2\/product\/33957"}],"collection":[{"href":"https:\/\/martinez-perfume.com\/en\/wp-json\/wp\/v2\/product"}],"about":[{"href":"https:\/\/martinez-perfume.com\/en\/wp-json\/wp\/v2\/types\/product"}],"replies":[{"embeddable":true,"href":"https:\/\/martinez-perfume.com\/en\/wp-json\/wp\/v2\/comments?post=33957"}],"wp:featuredmedia":[{"embeddable":true,"href":"https:\/\/martinez-perfume.com\/en\/wp-json\/wp\/v2\/media\/33967"}],"wp:attachment":[{"href":"https:\/\/martinez-perfume.com\/en\/wp-json\/wp\/v2\/media?parent=33957"}],"wp:term":[{"taxonomy":"product_cat","embeddable":true,"href":"https:\/\/martinez-perfume.com\/en\/wp-json\/wp\/v2\/product_cat?post=33957"},{"taxonomy":"product_tag","embeddable":true,"href":"https:\/\/martinez-perfume.com\/en\/wp-json\/wp\/v2\/product_tag?post=33957"}],"curies":[{"name":"wp","href":"https:\/\/api.w.org\/{rel}","templated":true}]}}