{"id":33956,"date":"2023-06-15T11:12:11","date_gmt":"2023-06-15T08:12:11","guid":{"rendered":"https:\/\/martinez-perfume.com\/en\/?post_type=product&#038;p=33956"},"modified":"2023-06-29T14:15:16","modified_gmt":"2023-06-29T11:15:16","slug":"notas-olfativas-familiares-parecidas-a-la-panthere-martinez-130","status":"publish","type":"product","link":"https:\/\/martinez-perfume.com\/en\/producto\/notas-olfativas-familiares-parecidas-a-la-panthere-martinez-130\/?lang=es","title":{"rendered":"notas olfativas familiares parecidas a La Panthere<br> Martinez 130"},"content":{"rendered":"","protected":false},"excerpt":{"rendered":"<p id=\"tw-target-text\" class=\"tw-data-text tw-text-large tw-ta\" dir=\"ltr\" data-placeholder=\"Translation\"><span class=\"Y2IQFc\" lang=\"es\">Este perfume es un s\u00edmbolo de libertad, esp\u00edritu voluptuoso y rebelde, dise\u00f1ado para damas elegantes, independientes y amantes de la libertad. El perfume La Panthere es una fragancia floral \u00fanica que tiene notas de frutas dulces, irradiando belleza y brind\u00e1ndote un aura moderna y original.<\/span><\/p>\n<p class=\"tw-data-text tw-text-large tw-ta\" dir=\"ltr\" data-placeholder=\"Translation\"><span class=\"Y2IQFc\" lang=\"es\">Las Notas de Salida son frutos secos, ruibarbo, fresa, an\u00eds y bergamota; notas medias: gardenia, rosa, ylang-ylang, pera y azahar; las Notas de Fondo son musgo de roble, almizcle, cuero y pachul\u00ed.<\/span><\/p>\n","protected":false},"featured_media":33967,"comment_status":"open","ping_status":"closed","template":"","meta":{"_acf_changed":false,"_monsterinsights_skip_tracking":false,"_monsterinsights_sitenote_active":false,"_monsterinsights_sitenote_note":"","_monsterinsights_sitenote_category":0},"product_cat":[364,367],"product_tag":[],"acf":[],"aioseo_notices":[],"_links":{"self":[{"href":"https:\/\/martinez-perfume.com\/en\/wp-json\/wp\/v2\/product\/33956"}],"collection":[{"href":"https:\/\/martinez-perfume.com\/en\/wp-json\/wp\/v2\/product"}],"about":[{"href":"https:\/\/martinez-perfume.com\/en\/wp-json\/wp\/v2\/types\/product"}],"replies":[{"embeddable":true,"href":"https:\/\/martinez-perfume.com\/en\/wp-json\/wp\/v2\/comments?post=33956"}],"wp:featuredmedia":[{"embeddable":true,"href":"https:\/\/martinez-perfume.com\/en\/wp-json\/wp\/v2\/media\/33967"}],"wp:attachment":[{"href":"https:\/\/martinez-perfume.com\/en\/wp-json\/wp\/v2\/media?parent=33956"}],"wp:term":[{"taxonomy":"product_cat","embeddable":true,"href":"https:\/\/martinez-perfume.com\/en\/wp-json\/wp\/v2\/product_cat?post=33956"},{"taxonomy":"product_tag","embeddable":true,"href":"https:\/\/martinez-perfume.com\/en\/wp-json\/wp\/v2\/product_tag?post=33956"}],"curies":[{"name":"wp","href":"https:\/\/api.w.org\/{rel}","templated":true}]}}