{"id":33929,"date":"2023-04-19T10:17:23","date_gmt":"2023-04-19T07:17:23","guid":{"rendered":"https:\/\/martinez-perfume.com\/en\/?post_type=product&#038;p=33929"},"modified":"2023-06-30T13:01:21","modified_gmt":"2023-06-30T10:01:21","slug":"notas-olfativas-familiares-parecidas-a-sandal-ruby-martinez-322","status":"publish","type":"product","link":"https:\/\/martinez-perfume.com\/en\/producto\/notas-olfativas-familiares-parecidas-a-sandal-ruby-martinez-322\/?lang=es","title":{"rendered":"notas olfativas familiares parecidas a Sandal Ruby <br> Martinez 322"},"content":{"rendered":"","protected":false},"excerpt":{"rendered":"<p id=\"tw-target-text\" class=\"tw-data-text tw-text-large tw-ta\" dir=\"ltr\" data-placeholder=\"Translation\"><span class=\"Y2IQFc\" lang=\"es\">Inspirado en la rica tradici\u00f3n de la perfumer\u00eda del Medio Oriente, el secreto de este aroma amaderado es el s\u00e1ndalo, mientras que el color rojo ardiente proviene de las lujosas flores de los p\u00e9talos de nardo y las ricas especias. Sandal Ruby combina tonos amaderados y florales para esculpir una fragancia apasionada y magn\u00e9tica. <\/span><\/p>\n<p class=\"tw-data-text tw-text-large tw-ta\" dir=\"ltr\" data-placeholder=\"Translation\"><span class=\"Y2IQFc\" lang=\"es\">Las Notas de Salida son Canela y Pimienta Negra; las notas medias son tuberosa y geranio; las notas de fondo son s\u00e1ndalo, pachul\u00ed y cedro del atlas.<\/span><\/p>\n","protected":false},"featured_media":33963,"comment_status":"open","ping_status":"closed","template":"","meta":{"_acf_changed":false,"_monsterinsights_skip_tracking":false,"_monsterinsights_sitenote_active":false,"_monsterinsights_sitenote_note":"","_monsterinsights_sitenote_category":0},"product_cat":[364,365,368],"product_tag":[],"acf":[],"aioseo_notices":[],"_links":{"self":[{"href":"https:\/\/martinez-perfume.com\/en\/wp-json\/wp\/v2\/product\/33929"}],"collection":[{"href":"https:\/\/martinez-perfume.com\/en\/wp-json\/wp\/v2\/product"}],"about":[{"href":"https:\/\/martinez-perfume.com\/en\/wp-json\/wp\/v2\/types\/product"}],"replies":[{"embeddable":true,"href":"https:\/\/martinez-perfume.com\/en\/wp-json\/wp\/v2\/comments?post=33929"}],"wp:featuredmedia":[{"embeddable":true,"href":"https:\/\/martinez-perfume.com\/en\/wp-json\/wp\/v2\/media\/33963"}],"wp:attachment":[{"href":"https:\/\/martinez-perfume.com\/en\/wp-json\/wp\/v2\/media?parent=33929"}],"wp:term":[{"taxonomy":"product_cat","embeddable":true,"href":"https:\/\/martinez-perfume.com\/en\/wp-json\/wp\/v2\/product_cat?post=33929"},{"taxonomy":"product_tag","embeddable":true,"href":"https:\/\/martinez-perfume.com\/en\/wp-json\/wp\/v2\/product_tag?post=33929"}],"curies":[{"name":"wp","href":"https:\/\/api.w.org\/{rel}","templated":true}]}}