{"id":33915,"date":"2023-03-14T10:17:46","date_gmt":"2023-03-14T08:17:46","guid":{"rendered":"https:\/\/martinez-perfume.com\/en\/?post_type=product&#038;p=33915"},"modified":"2023-03-14T10:17:47","modified_gmt":"2023-03-14T08:17:47","slug":"notas-olfativas-familia-parecida-a-acqua-di-gio-absolu-martinez-508","status":"publish","type":"product","link":"https:\/\/martinez-perfume.com\/en\/producto\/notas-olfativas-familia-parecida-a-acqua-di-gio-absolu-martinez-508\/?lang=es","title":{"rendered":"notas olfativas familia parecida a Acqua di Gio Absolu <br> Martinez 508"},"content":{"rendered":"","protected":false},"excerpt":{"rendered":"<p>La composici\u00f3n es sensual, c\u00e1lida y elegante. Adem\u00e1s de las notas marinas, frutas y pachul\u00ed que forman el tema principal, reflejando la carism\u00e1tica fusi\u00f3n del agua y la madera en esta composici\u00f3n, se agregan notas de bergamota, romero, lavanda y geranio para reflejar la masculinidad. La calidez bals\u00e1mica del haba tonka y el l\u00e1dano se utilizan para enfatizar el lado sensual de la fragancia.<\/p>\n","protected":false},"featured_media":33112,"comment_status":"open","ping_status":"closed","template":"","meta":{"_acf_changed":false,"_monsterinsights_skip_tracking":false,"_monsterinsights_sitenote_active":false,"_monsterinsights_sitenote_note":"","_monsterinsights_sitenote_category":0},"product_cat":[364,366],"product_tag":[],"acf":[],"aioseo_notices":[],"_links":{"self":[{"href":"https:\/\/martinez-perfume.com\/en\/wp-json\/wp\/v2\/product\/33915"}],"collection":[{"href":"https:\/\/martinez-perfume.com\/en\/wp-json\/wp\/v2\/product"}],"about":[{"href":"https:\/\/martinez-perfume.com\/en\/wp-json\/wp\/v2\/types\/product"}],"replies":[{"embeddable":true,"href":"https:\/\/martinez-perfume.com\/en\/wp-json\/wp\/v2\/comments?post=33915"}],"wp:featuredmedia":[{"embeddable":true,"href":"https:\/\/martinez-perfume.com\/en\/wp-json\/wp\/v2\/media\/33112"}],"wp:attachment":[{"href":"https:\/\/martinez-perfume.com\/en\/wp-json\/wp\/v2\/media?parent=33915"}],"wp:term":[{"taxonomy":"product_cat","embeddable":true,"href":"https:\/\/martinez-perfume.com\/en\/wp-json\/wp\/v2\/product_cat?post=33915"},{"taxonomy":"product_tag","embeddable":true,"href":"https:\/\/martinez-perfume.com\/en\/wp-json\/wp\/v2\/product_tag?post=33915"}],"curies":[{"name":"wp","href":"https:\/\/api.w.org\/{rel}","templated":true}]}}