{"id":33913,"date":"2023-03-14T10:09:01","date_gmt":"2023-03-14T08:09:01","guid":{"rendered":"https:\/\/martinez-perfume.com\/en\/?post_type=product&#038;p=33913"},"modified":"2023-03-14T10:09:02","modified_gmt":"2023-03-14T08:09:02","slug":"notas-olfativas-familiares-parecidas-a-erba-pura-martinez-454","status":"publish","type":"product","link":"https:\/\/martinez-perfume.com\/en\/producto\/notas-olfativas-familiares-parecidas-a-erba-pura-martinez-454\/?lang=es","title":{"rendered":"notas olfativas familiares parecidas a Erba Pura <br> Martinez 454"},"content":{"rendered":"","protected":false},"excerpt":{"rendered":"<p id=\"tw-target-text\" class=\"tw-data-text tw-text-large tw-ta\" dir=\"ltr\" data-placeholder=\"Translation\"><span class=\"Y2IQFc\" lang=\"es\">Si en algo destaca este perfume es en su originalidad. Con una combinaci\u00f3n de ingredientes excepcionales que te cautivar\u00e1n, esta fragancia te invita a vivir un viaje muy emocionante. Siente pura alegr\u00eda con la apertura c\u00edtrica m\u00e1s exuberante, y enam\u00f3rate de un delicioso coraz\u00f3n afrutado. \u00bfEst\u00e1s listo? \u00a1Intoxicar\u00e1 todos tus sentidos! D\u00e9jate seducir por la c\u00e1lida base de almizcle con vainilla y \u00e1mbar. Esta fragancia resaltar\u00e1 tu personalidad y te har\u00e1 destacar.<\/span><\/p>\n","protected":false},"featured_media":33098,"comment_status":"open","ping_status":"closed","template":"","meta":{"_acf_changed":false,"_monsterinsights_skip_tracking":false,"_monsterinsights_sitenote_active":false,"_monsterinsights_sitenote_note":"","_monsterinsights_sitenote_category":0},"product_cat":[364,365,366,367,368],"product_tag":[],"acf":[],"aioseo_notices":[],"_links":{"self":[{"href":"https:\/\/martinez-perfume.com\/en\/wp-json\/wp\/v2\/product\/33913"}],"collection":[{"href":"https:\/\/martinez-perfume.com\/en\/wp-json\/wp\/v2\/product"}],"about":[{"href":"https:\/\/martinez-perfume.com\/en\/wp-json\/wp\/v2\/types\/product"}],"replies":[{"embeddable":true,"href":"https:\/\/martinez-perfume.com\/en\/wp-json\/wp\/v2\/comments?post=33913"}],"wp:featuredmedia":[{"embeddable":true,"href":"https:\/\/martinez-perfume.com\/en\/wp-json\/wp\/v2\/media\/33098"}],"wp:attachment":[{"href":"https:\/\/martinez-perfume.com\/en\/wp-json\/wp\/v2\/media?parent=33913"}],"wp:term":[{"taxonomy":"product_cat","embeddable":true,"href":"https:\/\/martinez-perfume.com\/en\/wp-json\/wp\/v2\/product_cat?post=33913"},{"taxonomy":"product_tag","embeddable":true,"href":"https:\/\/martinez-perfume.com\/en\/wp-json\/wp\/v2\/product_tag?post=33913"}],"curies":[{"name":"wp","href":"https:\/\/api.w.org\/{rel}","templated":true}]}}