{"id":33829,"date":"2022-09-22T16:29:49","date_gmt":"2022-09-22T13:29:49","guid":{"rendered":"https:\/\/martinez-perfume.com\/en\/?post_type=product&#038;p=33829"},"modified":"2025-10-04T04:16:56","modified_gmt":"2025-10-04T01:16:56","slug":"olfactory-notes-family-similar-to-ebene-fume-martinez-288","status":"publish","type":"product","link":"https:\/\/martinez-perfume.com\/en\/product\/olfactory-notes-family-similar-to-ebene-fume-martinez-288\/","title":{"rendered":"olfactory notes family similar to Ebene Fume <br> Martinez 288"},"content":{"rendered":"","protected":false},"excerpt":{"rendered":"<p>Mindfulness meeting opulence, \u00c9b\u00e8ne Fum\u00e9 promises a fragrance of transcendental aura and spiritual peace, focused on warm woody notes, fresh herbs, resins, and sumptuous flowers. Palo Santo wood releases purifying mystical aromas that mix earthy, woody, and floral aromas, as well as pine needles and incense.<\/p>\n<p>Top notes are Incense, Palo Santo, Black Pepper, and Violet Leaf; middle notes are Leather, Labdanum, Papyrus, Cade oil, and Rose; base notes are resins, ebony tree, and Guaiac Wood.<\/p>\n","protected":false},"featured_media":33964,"comment_status":"open","ping_status":"closed","template":"","meta":{"_acf_changed":false,"_monsterinsights_skip_tracking":false,"_monsterinsights_sitenote_active":false,"_monsterinsights_sitenote_note":"","_monsterinsights_sitenote_category":0},"product_cat":[319,47,57],"product_tag":[],"acf":[],"aioseo_notices":[],"_links":{"self":[{"href":"https:\/\/martinez-perfume.com\/en\/wp-json\/wp\/v2\/product\/33829"}],"collection":[{"href":"https:\/\/martinez-perfume.com\/en\/wp-json\/wp\/v2\/product"}],"about":[{"href":"https:\/\/martinez-perfume.com\/en\/wp-json\/wp\/v2\/types\/product"}],"replies":[{"embeddable":true,"href":"https:\/\/martinez-perfume.com\/en\/wp-json\/wp\/v2\/comments?post=33829"}],"wp:featuredmedia":[{"embeddable":true,"href":"https:\/\/martinez-perfume.com\/en\/wp-json\/wp\/v2\/media\/33964"}],"wp:attachment":[{"href":"https:\/\/martinez-perfume.com\/en\/wp-json\/wp\/v2\/media?parent=33829"}],"wp:term":[{"taxonomy":"product_cat","embeddable":true,"href":"https:\/\/martinez-perfume.com\/en\/wp-json\/wp\/v2\/product_cat?post=33829"},{"taxonomy":"product_tag","embeddable":true,"href":"https:\/\/martinez-perfume.com\/en\/wp-json\/wp\/v2\/product_tag?post=33829"}],"curies":[{"name":"wp","href":"https:\/\/api.w.org\/{rel}","templated":true}]}}