{"id":33809,"date":"2022-09-07T14:08:12","date_gmt":"2022-09-07T11:08:12","guid":{"rendered":"https:\/\/martinez-perfume.com\/en\/?post_type=product&#038;p=33809"},"modified":"2023-03-14T10:04:02","modified_gmt":"2023-03-14T08:04:02","slug":"notas-olfativas-familiares-parecidas-a-fantomas-martinez-337","status":"publish","type":"product","link":"https:\/\/martinez-perfume.com\/en\/producto\/notas-olfativas-familiares-parecidas-a-fantomas-martinez-337\/?lang=es","title":{"rendered":"notas olfativas familiares parecidas a Fantomas <br> Martinez 337"},"content":{"rendered":"","protected":false},"excerpt":{"rendered":"<p id=\"tw-target-text\" class=\"tw-data-text tw-text-large tw-ta\" dir=\"ltr\" data-placeholder=\"Translation\"><span class=\"Y2IQFc\" lang=\"es\">La fragancia es el resultado de un proceso de investigaci\u00f3n destinado a provocar el efecto de la felicidad terrenal. Prep\u00e1rate para el poder invisible que cruzar\u00e1 tus sentidos al llenarte de amor y misterio que puede esconder un esp\u00edritu maligno&#8230; Fantomas es una fragancia emocionante, rica, sexy y fascinante con notas oscuras y robustas, hermosa y que envuelve absolutamente su aroma.<\/span><\/p>\n","protected":false},"featured_media":33098,"comment_status":"open","ping_status":"closed","template":"","meta":{"_acf_changed":false,"_monsterinsights_skip_tracking":false,"_monsterinsights_sitenote_active":false,"_monsterinsights_sitenote_note":"","_monsterinsights_sitenote_category":0},"product_cat":[364,365,366,367,368],"product_tag":[],"acf":[],"aioseo_notices":[],"_links":{"self":[{"href":"https:\/\/martinez-perfume.com\/en\/wp-json\/wp\/v2\/product\/33809"}],"collection":[{"href":"https:\/\/martinez-perfume.com\/en\/wp-json\/wp\/v2\/product"}],"about":[{"href":"https:\/\/martinez-perfume.com\/en\/wp-json\/wp\/v2\/types\/product"}],"replies":[{"embeddable":true,"href":"https:\/\/martinez-perfume.com\/en\/wp-json\/wp\/v2\/comments?post=33809"}],"wp:featuredmedia":[{"embeddable":true,"href":"https:\/\/martinez-perfume.com\/en\/wp-json\/wp\/v2\/media\/33098"}],"wp:attachment":[{"href":"https:\/\/martinez-perfume.com\/en\/wp-json\/wp\/v2\/media?parent=33809"}],"wp:term":[{"taxonomy":"product_cat","embeddable":true,"href":"https:\/\/martinez-perfume.com\/en\/wp-json\/wp\/v2\/product_cat?post=33809"},{"taxonomy":"product_tag","embeddable":true,"href":"https:\/\/martinez-perfume.com\/en\/wp-json\/wp\/v2\/product_tag?post=33809"}],"curies":[{"name":"wp","href":"https:\/\/api.w.org\/{rel}","templated":true}]}}