{"id":33808,"date":"2022-09-07T14:03:23","date_gmt":"2022-09-07T11:03:23","guid":{"rendered":"https:\/\/martinez-perfume.com\/en\/?post_type=product&#038;p=33808"},"modified":"2024-11-01T23:18:48","modified_gmt":"2024-11-01T21:18:48","slug":"notas-olfativas-familiares-parecidas-a-yes-i-am-martinez-404","status":"publish","type":"product","link":"https:\/\/martinez-perfume.com\/en\/producto\/notas-olfativas-familiares-parecidas-a-yes-i-am-martinez-404\/?lang=es","title":{"rendered":"notas olfativas familiares parecidas a Yes I am <br> Martinez 404"},"content":{"rendered":"","protected":false},"excerpt":{"rendered":"<p>Las Notas de Salida son frambuesa, mandarina, lim\u00f3n y bergamota; las Notas de Coraz\u00f3n son gardenia, flor de jengibre, \u00e1mbar, jazm\u00edn, rosa y azahar; las Notas de Fondo son leche, caramelo, vainilla, cardamomo, regaliz, cumarina, benju\u00ed, s\u00e1ndalo y madera de \u00e1mbar.<\/p>\n","protected":false},"featured_media":33104,"comment_status":"open","ping_status":"closed","template":"","meta":{"_acf_changed":false,"_monsterinsights_skip_tracking":false,"_monsterinsights_sitenote_active":false,"_monsterinsights_sitenote_note":"","_monsterinsights_sitenote_category":0},"product_cat":[364,367],"product_tag":[],"acf":[],"aioseo_notices":[],"_links":{"self":[{"href":"https:\/\/martinez-perfume.com\/en\/wp-json\/wp\/v2\/product\/33808"}],"collection":[{"href":"https:\/\/martinez-perfume.com\/en\/wp-json\/wp\/v2\/product"}],"about":[{"href":"https:\/\/martinez-perfume.com\/en\/wp-json\/wp\/v2\/types\/product"}],"replies":[{"embeddable":true,"href":"https:\/\/martinez-perfume.com\/en\/wp-json\/wp\/v2\/comments?post=33808"}],"wp:featuredmedia":[{"embeddable":true,"href":"https:\/\/martinez-perfume.com\/en\/wp-json\/wp\/v2\/media\/33104"}],"wp:attachment":[{"href":"https:\/\/martinez-perfume.com\/en\/wp-json\/wp\/v2\/media?parent=33808"}],"wp:term":[{"taxonomy":"product_cat","embeddable":true,"href":"https:\/\/martinez-perfume.com\/en\/wp-json\/wp\/v2\/product_cat?post=33808"},{"taxonomy":"product_tag","embeddable":true,"href":"https:\/\/martinez-perfume.com\/en\/wp-json\/wp\/v2\/product_tag?post=33808"}],"curies":[{"name":"wp","href":"https:\/\/api.w.org\/{rel}","templated":true}]}}