{"id":33807,"date":"2022-09-07T13:51:50","date_gmt":"2022-09-07T10:51:50","guid":{"rendered":"https:\/\/martinez-perfume.com\/en\/?post_type=product&#038;p=33807"},"modified":"2023-02-21T13:56:26","modified_gmt":"2023-02-21T11:56:26","slug":"familia-de-notas-olfativas-parecidas-a-bombshell-martinez-384","status":"publish","type":"product","link":"https:\/\/martinez-perfume.com\/en\/producto\/familia-de-notas-olfativas-parecidas-a-bombshell-martinez-384\/?lang=es","title":{"rendered":"familia de notas olfativas parecidas a BOMBSHELL <br> Martinez 384"},"content":{"rendered":"","protected":false},"excerpt":{"rendered":"<p id=\"tw-target-text\" class=\"tw-data-text tw-text-large tw-ta\" dir=\"ltr\" data-placeholder=\"Translation\"><span class=\"Y2IQFc\" lang=\"es\">Las Notas de Salida son Maracuy\u00e1, Toronja, Pi\u00f1a, Mandarina y Fresa Grande; las Notas de Coraz\u00f3n son peon\u00eda, orqu\u00eddea vainilla, bayas rojas, jazm\u00edn y lirio de los valles; las Notas de Fondo son almizcle, notas amaderadas y musgo de roble.<\/span><\/p>\n","protected":false},"featured_media":33182,"comment_status":"open","ping_status":"closed","template":"","meta":{"_acf_changed":false,"_monsterinsights_skip_tracking":false,"_monsterinsights_sitenote_active":false,"_monsterinsights_sitenote_note":"","_monsterinsights_sitenote_category":0},"product_cat":[364,367],"product_tag":[],"acf":[],"aioseo_notices":[],"_links":{"self":[{"href":"https:\/\/martinez-perfume.com\/en\/wp-json\/wp\/v2\/product\/33807"}],"collection":[{"href":"https:\/\/martinez-perfume.com\/en\/wp-json\/wp\/v2\/product"}],"about":[{"href":"https:\/\/martinez-perfume.com\/en\/wp-json\/wp\/v2\/types\/product"}],"replies":[{"embeddable":true,"href":"https:\/\/martinez-perfume.com\/en\/wp-json\/wp\/v2\/comments?post=33807"}],"wp:featuredmedia":[{"embeddable":true,"href":"https:\/\/martinez-perfume.com\/en\/wp-json\/wp\/v2\/media\/33182"}],"wp:attachment":[{"href":"https:\/\/martinez-perfume.com\/en\/wp-json\/wp\/v2\/media?parent=33807"}],"wp:term":[{"taxonomy":"product_cat","embeddable":true,"href":"https:\/\/martinez-perfume.com\/en\/wp-json\/wp\/v2\/product_cat?post=33807"},{"taxonomy":"product_tag","embeddable":true,"href":"https:\/\/martinez-perfume.com\/en\/wp-json\/wp\/v2\/product_tag?post=33807"}],"curies":[{"name":"wp","href":"https:\/\/api.w.org\/{rel}","templated":true}]}}