{"id":33716,"date":"2021-11-04T16:08:01","date_gmt":"2021-11-04T14:08:01","guid":{"rendered":"https:\/\/martinez-perfume.com\/en\/product\/olfactory-notes-family-similar-to-phantom-martinez-560\/"},"modified":"2022-09-07T16:02:03","modified_gmt":"2022-09-07T13:02:03","slug":"olfactory-notes-family-similar-to-phantom-martinez-560","status":"publish","type":"product","link":"https:\/\/martinez-perfume.com\/en\/producto\/olfactory-notes-family-similar-to-phantom-martinez-560\/?lang=es","title":{"rendered":"notas olfativas familia parecida a Phantom <br> Martinez 560"},"content":{"rendered":"","protected":false},"excerpt":{"rendered":"<p id=\"tw-target-text\" class=\"tw-data-text tw-text-large tw-ta\" dir=\"ltr\" data-placeholder=\"Translation\"><span class=\"Y2IQFc\" lang=\"es\">Entra en Paco Galaxy y \u00fanete a una fiesta intergal\u00e1ctica donde todos est\u00e1n invitados. Donde puedes ser quien quieras ser. No importa qui\u00e9n eres. No importa de qu\u00e9 planeta vengas. La esencia de la confianza en uno mismo est\u00e1 alimentada por energ\u00edas para sentirse bien. Las Notas de Salida son lavanda, ralladura de lim\u00f3n y lim\u00f3n de Amalfi; las Notas de Coraz\u00f3n son lavanda, manzana, humo, notas terrosas y pachul\u00ed; las Notas de Fondo son vainilla, lavanda y vetiver.<\/span><\/p>\n","protected":false},"featured_media":33965,"comment_status":"open","ping_status":"closed","template":"","meta":{"_acf_changed":false,"_monsterinsights_skip_tracking":false,"_monsterinsights_sitenote_active":false,"_monsterinsights_sitenote_note":"","_monsterinsights_sitenote_category":0},"product_cat":[364,366],"product_tag":[],"acf":[],"aioseo_notices":[],"_links":{"self":[{"href":"https:\/\/martinez-perfume.com\/en\/wp-json\/wp\/v2\/product\/33716"}],"collection":[{"href":"https:\/\/martinez-perfume.com\/en\/wp-json\/wp\/v2\/product"}],"about":[{"href":"https:\/\/martinez-perfume.com\/en\/wp-json\/wp\/v2\/types\/product"}],"replies":[{"embeddable":true,"href":"https:\/\/martinez-perfume.com\/en\/wp-json\/wp\/v2\/comments?post=33716"}],"wp:featuredmedia":[{"embeddable":true,"href":"https:\/\/martinez-perfume.com\/en\/wp-json\/wp\/v2\/media\/33965"}],"wp:attachment":[{"href":"https:\/\/martinez-perfume.com\/en\/wp-json\/wp\/v2\/media?parent=33716"}],"wp:term":[{"taxonomy":"product_cat","embeddable":true,"href":"https:\/\/martinez-perfume.com\/en\/wp-json\/wp\/v2\/product_cat?post=33716"},{"taxonomy":"product_tag","embeddable":true,"href":"https:\/\/martinez-perfume.com\/en\/wp-json\/wp\/v2\/product_tag?post=33716"}],"curies":[{"name":"wp","href":"https:\/\/api.w.org\/{rel}","templated":true}]}}