{"id":33712,"date":"2022-04-15T10:21:41","date_gmt":"2022-04-15T07:21:41","guid":{"rendered":"https:\/\/martinez-perfume.com\/en\/product\/olfactory-notes-family-similar-to-this-is-her-martinez-444\/"},"modified":"2022-09-07T15:59:50","modified_gmt":"2022-09-07T12:59:50","slug":"olfactory-notes-family-similar-to-this-is-her-martinez-444","status":"publish","type":"product","link":"https:\/\/martinez-perfume.com\/en\/producto\/olfactory-notes-family-similar-to-this-is-her-martinez-444\/?lang=es","title":{"rendered":"notas olfativas familiares parecidas a This is her <br> Martinez 444"},"content":{"rendered":"","protected":false},"excerpt":{"rendered":"<p id=\"tw-target-text\" class=\"tw-data-text tw-text-large tw-ta\" dir=\"ltr\" data-placeholder=\"Translation\"><span class=\"Y2IQFc\" lang=\"es\">Sin reglas, sin restricciones; esta fragancia es ideal para la mujer libre que no sigue a la multitud cuando se trata de moda y no hace lo que los dem\u00e1s quieren que haga. \u00a1Puro rock and roll! Notas de salida: jazm\u00edn \u00e1rabe, pimienta rosa y flor de \u00e1rbol de seda persa. Las notas medias son casta\u00f1a, crema batida y vainilla. Las notas de fondo son: s\u00e1ndalo y madera de cachemira.<\/span><\/p>\n","protected":false},"featured_media":33967,"comment_status":"open","ping_status":"closed","template":"","meta":{"_acf_changed":false,"_monsterinsights_skip_tracking":false,"_monsterinsights_sitenote_active":false,"_monsterinsights_sitenote_note":"","_monsterinsights_sitenote_category":0},"product_cat":[364,367],"product_tag":[],"acf":[],"aioseo_notices":[],"_links":{"self":[{"href":"https:\/\/martinez-perfume.com\/en\/wp-json\/wp\/v2\/product\/33712"}],"collection":[{"href":"https:\/\/martinez-perfume.com\/en\/wp-json\/wp\/v2\/product"}],"about":[{"href":"https:\/\/martinez-perfume.com\/en\/wp-json\/wp\/v2\/types\/product"}],"replies":[{"embeddable":true,"href":"https:\/\/martinez-perfume.com\/en\/wp-json\/wp\/v2\/comments?post=33712"}],"wp:featuredmedia":[{"embeddable":true,"href":"https:\/\/martinez-perfume.com\/en\/wp-json\/wp\/v2\/media\/33967"}],"wp:attachment":[{"href":"https:\/\/martinez-perfume.com\/en\/wp-json\/wp\/v2\/media?parent=33712"}],"wp:term":[{"taxonomy":"product_cat","embeddable":true,"href":"https:\/\/martinez-perfume.com\/en\/wp-json\/wp\/v2\/product_cat?post=33712"},{"taxonomy":"product_tag","embeddable":true,"href":"https:\/\/martinez-perfume.com\/en\/wp-json\/wp\/v2\/product_tag?post=33712"}],"curies":[{"name":"wp","href":"https:\/\/api.w.org\/{rel}","templated":true}]}}