{"id":33711,"date":"2021-11-11T09:39:42","date_gmt":"2021-11-11T07:39:42","guid":{"rendered":"https:\/\/martinez-perfume.com\/en\/product\/olfactory-notes-family-similar-to-allure-martinez-712\/"},"modified":"2022-09-07T16:04:20","modified_gmt":"2022-09-07T13:04:20","slug":"olfactory-notes-family-similar-to-allure-martinez-712","status":"publish","type":"product","link":"https:\/\/martinez-perfume.com\/en\/producto\/olfactory-notes-family-similar-to-allure-martinez-712\/?lang=es","title":{"rendered":"notas olfativas familia parecida a Allure Homme Sport<br> Martinez 712"},"content":{"rendered":"","protected":false},"excerpt":{"rendered":"<p id=\"tw-target-text\" class=\"tw-data-text tw-text-large tw-ta\" dir=\"ltr\" data-placeholder=\"Translation\"><span class=\"Y2IQFc\" lang=\"es\">Una fragancia fresca y dulce a la vez, perfecta para cualquier estaci\u00f3n del a\u00f1o. Para el hombre independiente y seguro de s\u00ed mismo, amante del deporte y muy masculino. Las notas de salida: aldeh\u00eddos, naranja, mandarina roja y notas marinas. Notas medias: pimienta, neroli y cedro. Notas de fondo: haba tonka, \u00e1mbar, vainilla, vetiver, almizcle blanco y resina de elem\u00ed.<\/span><\/p>\n","protected":false},"featured_media":33965,"comment_status":"open","ping_status":"closed","template":"","meta":{"_acf_changed":false,"_monsterinsights_skip_tracking":false,"_monsterinsights_sitenote_active":false,"_monsterinsights_sitenote_note":"","_monsterinsights_sitenote_category":0},"product_cat":[364,366],"product_tag":[],"acf":[],"aioseo_notices":[],"_links":{"self":[{"href":"https:\/\/martinez-perfume.com\/en\/wp-json\/wp\/v2\/product\/33711"}],"collection":[{"href":"https:\/\/martinez-perfume.com\/en\/wp-json\/wp\/v2\/product"}],"about":[{"href":"https:\/\/martinez-perfume.com\/en\/wp-json\/wp\/v2\/types\/product"}],"replies":[{"embeddable":true,"href":"https:\/\/martinez-perfume.com\/en\/wp-json\/wp\/v2\/comments?post=33711"}],"wp:featuredmedia":[{"embeddable":true,"href":"https:\/\/martinez-perfume.com\/en\/wp-json\/wp\/v2\/media\/33965"}],"wp:attachment":[{"href":"https:\/\/martinez-perfume.com\/en\/wp-json\/wp\/v2\/media?parent=33711"}],"wp:term":[{"taxonomy":"product_cat","embeddable":true,"href":"https:\/\/martinez-perfume.com\/en\/wp-json\/wp\/v2\/product_cat?post=33711"},{"taxonomy":"product_tag","embeddable":true,"href":"https:\/\/martinez-perfume.com\/en\/wp-json\/wp\/v2\/product_tag?post=33711"}],"curies":[{"name":"wp","href":"https:\/\/api.w.org\/{rel}","templated":true}]}}