{"id":33660,"date":"2022-01-28T17:46:25","date_gmt":"2022-01-28T15:46:25","guid":{"rendered":"https:\/\/martinez-perfume.com\/en\/product\/fragancias-para-el-hogar-yoga\/"},"modified":"2022-01-28T17:46:25","modified_gmt":"2022-01-28T15:46:25","slug":"fragancias-para-el-hogar-yoga","status":"publish","type":"product","link":"https:\/\/martinez-perfume.com\/en\/producto\/fragancias-para-el-hogar-yoga\/?lang=es","title":{"rendered":"Fragancias para el hogar <br> YOGA"},"content":{"rendered":"","protected":false},"excerpt":{"rendered":"<p>YOGA tiene un aroma de ylang-ylang, combinado con notas relajantes de jazm\u00edn, manzanilla y almizcle. El efecto relajante \u00fanico, gracias a nuestros aceites arom\u00e1ticos de alta calidad.<\/p>\n<p>Aromaterapia con Ylang-Ylang: Ylang-ylang no solo tiene un aroma delicado, suave y relajante, sino que tambi\u00e9n se ha demostrado cient\u00edficamente que act\u00faa como un calmante para el estr\u00e9s, lo que lo convierte en uno de los favoritos entre los aromaterapeutas.<\/p>\n<p>Cada difusor contiene 140ml.<\/p>\n","protected":false},"featured_media":33627,"comment_status":"open","ping_status":"closed","template":"","meta":{"_acf_changed":false,"_monsterinsights_skip_tracking":false,"_monsterinsights_sitenote_active":false,"_monsterinsights_sitenote_note":"","_monsterinsights_sitenote_category":0},"product_cat":[359,358],"product_tag":[],"acf":[],"aioseo_notices":[],"_links":{"self":[{"href":"https:\/\/martinez-perfume.com\/en\/wp-json\/wp\/v2\/product\/33660"}],"collection":[{"href":"https:\/\/martinez-perfume.com\/en\/wp-json\/wp\/v2\/product"}],"about":[{"href":"https:\/\/martinez-perfume.com\/en\/wp-json\/wp\/v2\/types\/product"}],"replies":[{"embeddable":true,"href":"https:\/\/martinez-perfume.com\/en\/wp-json\/wp\/v2\/comments?post=33660"}],"wp:featuredmedia":[{"embeddable":true,"href":"https:\/\/martinez-perfume.com\/en\/wp-json\/wp\/v2\/media\/33627"}],"wp:attachment":[{"href":"https:\/\/martinez-perfume.com\/en\/wp-json\/wp\/v2\/media?parent=33660"}],"wp:term":[{"taxonomy":"product_cat","embeddable":true,"href":"https:\/\/martinez-perfume.com\/en\/wp-json\/wp\/v2\/product_cat?post=33660"},{"taxonomy":"product_tag","embeddable":true,"href":"https:\/\/martinez-perfume.com\/en\/wp-json\/wp\/v2\/product_tag?post=33660"}],"curies":[{"name":"wp","href":"https:\/\/api.w.org\/{rel}","templated":true}]}}