{"id":33659,"date":"2022-01-28T17:43:57","date_gmt":"2022-01-28T15:43:57","guid":{"rendered":"https:\/\/martinez-perfume.com\/en\/product\/fragancia-de-hogar-pina-coco\/"},"modified":"2022-01-28T17:43:57","modified_gmt":"2022-01-28T15:43:57","slug":"fragancia-de-hogar-pina-coco","status":"publish","type":"product","link":"https:\/\/martinez-perfume.com\/en\/producto\/fragancia-de-hogar-pina-coco\/?lang=es","title":{"rendered":"Fragancia de hogar <br> PI\u00d1A COCO"},"content":{"rendered":"","protected":false},"excerpt":{"rendered":"<p>PINEAPPLE COCONUT tiene un aroma de pi\u00f1a y coco, combinado con notas relajantes de naranja. Agregue un aroma inspirado en la naturaleza a cualquier habitaci\u00f3n con aromas de coco y pi\u00f1a. Saturado con aceites esenciales que son naturales, el aroma de coco y pi\u00f1a combina pi\u00f1a fresca y azahar combinado con coco cremoso. El efecto relajante \u00fanico, gracias a nuestros aceites arom\u00e1ticos de alta calidad.<\/p>\n<p>Aromaterapia de pi\u00f1a y coco: no solo tienen un aroma delicado, suave y relajante, sino que tambi\u00e9n se ha demostrado cient\u00edficamente que act\u00faan como un calmante para el estr\u00e9s, lo que los convierte en los favoritos entre los aromaterapeutas.<\/p>\n<p>Cada difusor contiene 140ml.<\/p>\n","protected":false},"featured_media":33629,"comment_status":"open","ping_status":"closed","template":"","meta":{"_acf_changed":false,"_monsterinsights_skip_tracking":false,"_monsterinsights_sitenote_active":false,"_monsterinsights_sitenote_note":"","_monsterinsights_sitenote_category":0},"product_cat":[359,358],"product_tag":[],"acf":[],"aioseo_notices":[],"_links":{"self":[{"href":"https:\/\/martinez-perfume.com\/en\/wp-json\/wp\/v2\/product\/33659"}],"collection":[{"href":"https:\/\/martinez-perfume.com\/en\/wp-json\/wp\/v2\/product"}],"about":[{"href":"https:\/\/martinez-perfume.com\/en\/wp-json\/wp\/v2\/types\/product"}],"replies":[{"embeddable":true,"href":"https:\/\/martinez-perfume.com\/en\/wp-json\/wp\/v2\/comments?post=33659"}],"wp:featuredmedia":[{"embeddable":true,"href":"https:\/\/martinez-perfume.com\/en\/wp-json\/wp\/v2\/media\/33629"}],"wp:attachment":[{"href":"https:\/\/martinez-perfume.com\/en\/wp-json\/wp\/v2\/media?parent=33659"}],"wp:term":[{"taxonomy":"product_cat","embeddable":true,"href":"https:\/\/martinez-perfume.com\/en\/wp-json\/wp\/v2\/product_cat?post=33659"},{"taxonomy":"product_tag","embeddable":true,"href":"https:\/\/martinez-perfume.com\/en\/wp-json\/wp\/v2\/product_tag?post=33659"}],"curies":[{"name":"wp","href":"https:\/\/api.w.org\/{rel}","templated":true}]}}