{"id":33658,"date":"2022-01-28T17:41:16","date_gmt":"2022-01-28T15:41:16","guid":{"rendered":"https:\/\/martinez-perfume.com\/en\/product\/fragancia-para-el-hogar-sakura\/"},"modified":"2022-01-28T17:41:16","modified_gmt":"2022-01-28T15:41:16","slug":"fragancia-para-el-hogar-sakura","status":"publish","type":"product","link":"https:\/\/martinez-perfume.com\/en\/producto\/fragancia-para-el-hogar-sakura\/?lang=es","title":{"rendered":"Fragancia para el hogar <br> SAKURA"},"content":{"rendered":"","protected":false},"excerpt":{"rendered":"<p>SAKURA tiene un aroma a flor de cerezo, la flor de sakura es un s\u00edmbolo de purificaci\u00f3n y restauraci\u00f3n en Jap\u00f3n. El aroma es agradable y purificador para tu hogar. Trae un ambiente zen a tu hogar con esta dulce fragancia floral. Efecto relajante \u00fanico gracias a nuestros aceites arom\u00e1ticos de alta calidad.<\/p>\n","protected":false},"featured_media":33625,"comment_status":"open","ping_status":"closed","template":"","meta":{"_acf_changed":false,"_monsterinsights_skip_tracking":false,"_monsterinsights_sitenote_active":false,"_monsterinsights_sitenote_note":"","_monsterinsights_sitenote_category":0},"product_cat":[359,358],"product_tag":[],"acf":[],"aioseo_notices":[],"_links":{"self":[{"href":"https:\/\/martinez-perfume.com\/en\/wp-json\/wp\/v2\/product\/33658"}],"collection":[{"href":"https:\/\/martinez-perfume.com\/en\/wp-json\/wp\/v2\/product"}],"about":[{"href":"https:\/\/martinez-perfume.com\/en\/wp-json\/wp\/v2\/types\/product"}],"replies":[{"embeddable":true,"href":"https:\/\/martinez-perfume.com\/en\/wp-json\/wp\/v2\/comments?post=33658"}],"wp:featuredmedia":[{"embeddable":true,"href":"https:\/\/martinez-perfume.com\/en\/wp-json\/wp\/v2\/media\/33625"}],"wp:attachment":[{"href":"https:\/\/martinez-perfume.com\/en\/wp-json\/wp\/v2\/media?parent=33658"}],"wp:term":[{"taxonomy":"product_cat","embeddable":true,"href":"https:\/\/martinez-perfume.com\/en\/wp-json\/wp\/v2\/product_cat?post=33658"},{"taxonomy":"product_tag","embeddable":true,"href":"https:\/\/martinez-perfume.com\/en\/wp-json\/wp\/v2\/product_tag?post=33658"}],"curies":[{"name":"wp","href":"https:\/\/api.w.org\/{rel}","templated":true}]}}