{"id":33657,"date":"2022-01-28T17:35:59","date_gmt":"2022-01-28T15:35:59","guid":{"rendered":"https:\/\/martinez-perfume.com\/en\/product\/spray-de-fragancia-para-coches-emblematique\/"},"modified":"2022-01-28T17:35:59","modified_gmt":"2022-01-28T15:35:59","slug":"spray-de-fragancia-para-coches-emblematique","status":"publish","type":"product","link":"https:\/\/martinez-perfume.com\/en\/producto\/spray-de-fragancia-para-coches-emblematique\/?lang=es","title":{"rendered":"Spray de fragancia para coches<br> EMBLEMATIQUE"},"content":{"rendered":"","protected":false},"excerpt":{"rendered":"<p>EMBLEM\u00c1TICO<br \/>\nPerfil perfumado de la fragancia:<br \/>\nNotas de salida: l\u00e1dano<br \/>\nNotas medias: azafr\u00e1n, pachul\u00ed, \u00e1mbar<br \/>\nNotas de fondo: almizcle, madera de agar (oudh), s\u00e1ndalo<br \/>\ncantidad &#8211; 180ml<br \/>\nproducto no alcoh\u00f3lico, ahorrador de tejido<br \/>\napto para todo tipo de tapicer\u00eda de coche<br \/>\n900 pulverizaciones: suficiente para 60-90 d\u00edas de uso diario.<\/p>\n","protected":false},"featured_media":33633,"comment_status":"open","ping_status":"closed","template":"","meta":{"_acf_changed":false,"_monsterinsights_skip_tracking":false,"_monsterinsights_sitenote_active":false,"_monsterinsights_sitenote_note":"","_monsterinsights_sitenote_category":0},"product_cat":[357],"product_tag":[],"acf":[],"aioseo_notices":[],"_links":{"self":[{"href":"https:\/\/martinez-perfume.com\/en\/wp-json\/wp\/v2\/product\/33657"}],"collection":[{"href":"https:\/\/martinez-perfume.com\/en\/wp-json\/wp\/v2\/product"}],"about":[{"href":"https:\/\/martinez-perfume.com\/en\/wp-json\/wp\/v2\/types\/product"}],"replies":[{"embeddable":true,"href":"https:\/\/martinez-perfume.com\/en\/wp-json\/wp\/v2\/comments?post=33657"}],"wp:featuredmedia":[{"embeddable":true,"href":"https:\/\/martinez-perfume.com\/en\/wp-json\/wp\/v2\/media\/33633"}],"wp:attachment":[{"href":"https:\/\/martinez-perfume.com\/en\/wp-json\/wp\/v2\/media?parent=33657"}],"wp:term":[{"taxonomy":"product_cat","embeddable":true,"href":"https:\/\/martinez-perfume.com\/en\/wp-json\/wp\/v2\/product_cat?post=33657"},{"taxonomy":"product_tag","embeddable":true,"href":"https:\/\/martinez-perfume.com\/en\/wp-json\/wp\/v2\/product_tag?post=33657"}],"curies":[{"name":"wp","href":"https:\/\/api.w.org\/{rel}","templated":true}]}}