{"id":33655,"date":"2022-01-28T17:28:41","date_gmt":"2022-01-28T15:28:41","guid":{"rendered":"https:\/\/martinez-perfume.com\/en\/product\/spray-perfumado-para-coches-lusso\/"},"modified":"2022-01-28T17:28:41","modified_gmt":"2022-01-28T15:28:41","slug":"spray-perfumado-para-coches-lusso","status":"publish","type":"product","link":"https:\/\/martinez-perfume.com\/en\/producto\/spray-perfumado-para-coches-lusso\/?lang=es","title":{"rendered":"Spray perfumado para coches<br> LUSSO"},"content":{"rendered":"","protected":false},"excerpt":{"rendered":"<p>LUSSO<br \/>\nPerfil perfumado de la fragancia:<br \/>\nNotas de salida: trufa, gardenia, cassis, ylang-ylang, jazm\u00edn, bergamota, mandarina y lim\u00f3n de Amalfi.<br \/>\nNotas medias: orqu\u00eddea, gardenia, jazm\u00edn y loto.<br \/>\nNotas de fondo: chocolate mexicano, pachul\u00ed, vainilla, incienso, \u00e1mbar, s\u00e1ndalo, vetiver y almizcle blanco.<br \/>\ncantidad &#8211; 180ml<br \/>\nproducto no alcoh\u00f3lico, ahorrador de tejido<br \/>\napto para todo tipo de tapicer\u00eda de coche<br \/>\n900 pulverizaciones: suficiente para 60-90 d\u00edas de uso diario.<\/p>\n","protected":false},"featured_media":33631,"comment_status":"open","ping_status":"closed","template":"","meta":{"_acf_changed":false,"_monsterinsights_skip_tracking":false,"_monsterinsights_sitenote_active":false,"_monsterinsights_sitenote_note":"","_monsterinsights_sitenote_category":0},"product_cat":[357],"product_tag":[],"acf":[],"aioseo_notices":[],"_links":{"self":[{"href":"https:\/\/martinez-perfume.com\/en\/wp-json\/wp\/v2\/product\/33655"}],"collection":[{"href":"https:\/\/martinez-perfume.com\/en\/wp-json\/wp\/v2\/product"}],"about":[{"href":"https:\/\/martinez-perfume.com\/en\/wp-json\/wp\/v2\/types\/product"}],"replies":[{"embeddable":true,"href":"https:\/\/martinez-perfume.com\/en\/wp-json\/wp\/v2\/comments?post=33655"}],"wp:featuredmedia":[{"embeddable":true,"href":"https:\/\/martinez-perfume.com\/en\/wp-json\/wp\/v2\/media\/33631"}],"wp:attachment":[{"href":"https:\/\/martinez-perfume.com\/en\/wp-json\/wp\/v2\/media?parent=33655"}],"wp:term":[{"taxonomy":"product_cat","embeddable":true,"href":"https:\/\/martinez-perfume.com\/en\/wp-json\/wp\/v2\/product_cat?post=33655"},{"taxonomy":"product_tag","embeddable":true,"href":"https:\/\/martinez-perfume.com\/en\/wp-json\/wp\/v2\/product_tag?post=33655"}],"curies":[{"name":"wp","href":"https:\/\/api.w.org\/{rel}","templated":true}]}}