{"id":33356,"date":"2019-09-12T22:19:29","date_gmt":"2019-09-12T19:19:29","guid":{"rendered":"https:\/\/martinez-perfume.com\/en\/product\/suenos-extranos\/"},"modified":"2019-09-12T22:19:29","modified_gmt":"2019-09-12T19:19:29","slug":"suenos-extranos","status":"publish","type":"product","link":"https:\/\/martinez-perfume.com\/en\/producto\/suenos-extranos\/?lang=es","title":{"rendered":"SUE\u00d1OS EXTRA\u00d1OS"},"content":{"rendered":"","protected":false},"excerpt":{"rendered":"<p>Pimienta rosa, jazm\u00edn sambac,<br \/>\nNotas medias<br \/>\nCasta\u00f1o, Nata montada, Vainilla<br \/>\nNotas base<br \/>\nMadera de cachemira, S\u00e1ndalo<br \/>\nGrupo olfativo &#8211; Oriental<\/p>\n","protected":false},"featured_media":33357,"comment_status":"open","ping_status":"closed","template":"","meta":{"_acf_changed":false,"_monsterinsights_skip_tracking":false,"_monsterinsights_sitenote_active":false,"_monsterinsights_sitenote_note":"","_monsterinsights_sitenote_category":0},"product_cat":[369,364,368],"product_tag":[],"acf":[],"aioseo_notices":[],"_links":{"self":[{"href":"https:\/\/martinez-perfume.com\/en\/wp-json\/wp\/v2\/product\/33356"}],"collection":[{"href":"https:\/\/martinez-perfume.com\/en\/wp-json\/wp\/v2\/product"}],"about":[{"href":"https:\/\/martinez-perfume.com\/en\/wp-json\/wp\/v2\/types\/product"}],"replies":[{"embeddable":true,"href":"https:\/\/martinez-perfume.com\/en\/wp-json\/wp\/v2\/comments?post=33356"}],"wp:featuredmedia":[{"embeddable":true,"href":"https:\/\/martinez-perfume.com\/en\/wp-json\/wp\/v2\/media\/33357"}],"wp:attachment":[{"href":"https:\/\/martinez-perfume.com\/en\/wp-json\/wp\/v2\/media?parent=33356"}],"wp:term":[{"taxonomy":"product_cat","embeddable":true,"href":"https:\/\/martinez-perfume.com\/en\/wp-json\/wp\/v2\/product_cat?post=33356"},{"taxonomy":"product_tag","embeddable":true,"href":"https:\/\/martinez-perfume.com\/en\/wp-json\/wp\/v2\/product_tag?post=33356"}],"curies":[{"name":"wp","href":"https:\/\/api.w.org\/{rel}","templated":true}]}}