{"id":33343,"date":"2019-09-23T19:52:39","date_gmt":"2019-09-23T16:52:39","guid":{"rendered":"https:\/\/martinez-perfume.com\/en\/product\/flores-de-luna\/"},"modified":"2019-09-23T19:52:39","modified_gmt":"2019-09-23T16:52:39","slug":"flores-de-luna","status":"publish","type":"product","link":"https:\/\/martinez-perfume.com\/en\/producto\/flores-de-luna\/?lang=es","title":{"rendered":"FLORES DE LUNA"},"content":{"rendered":"","protected":false},"excerpt":{"rendered":"<p>Moonlit Blossoms es un aroma que se inspir\u00f3 para transformar el espacio que te rodea en un refugio de almejas y tranquilidad. Esto tambi\u00e9n ayudar\u00e1 a aliviar el estr\u00e9s y mejorar\u00e1 su bienestar. Una fragancia terap\u00e9utica que te har\u00e1 sentir m\u00e1s feliz, relajado y lleno de energ\u00eda, brind\u00e1ndote un estado de \u00e1nimo positivo. Moonlit Blossoms se puede utilizar cuando se duerme felizmente durante un masaje relajante o un ba\u00f1o relajante de agua tibia.<\/p>\n<p>Composici\u00f3n arom\u00e1tica: mandarina picante, iris, flor de durazno, violeta, s\u00e1ndalo y almizcle.<\/p>\n","protected":false},"featured_media":33346,"comment_status":"open","ping_status":"closed","template":"","meta":{"_acf_changed":false,"_monsterinsights_skip_tracking":false,"_monsterinsights_sitenote_active":false,"_monsterinsights_sitenote_note":"","_monsterinsights_sitenote_category":0},"product_cat":[360,372],"product_tag":[],"acf":[],"aioseo_notices":[],"_links":{"self":[{"href":"https:\/\/martinez-perfume.com\/en\/wp-json\/wp\/v2\/product\/33343"}],"collection":[{"href":"https:\/\/martinez-perfume.com\/en\/wp-json\/wp\/v2\/product"}],"about":[{"href":"https:\/\/martinez-perfume.com\/en\/wp-json\/wp\/v2\/types\/product"}],"replies":[{"embeddable":true,"href":"https:\/\/martinez-perfume.com\/en\/wp-json\/wp\/v2\/comments?post=33343"}],"wp:featuredmedia":[{"embeddable":true,"href":"https:\/\/martinez-perfume.com\/en\/wp-json\/wp\/v2\/media\/33346"}],"wp:attachment":[{"href":"https:\/\/martinez-perfume.com\/en\/wp-json\/wp\/v2\/media?parent=33343"}],"wp:term":[{"taxonomy":"product_cat","embeddable":true,"href":"https:\/\/martinez-perfume.com\/en\/wp-json\/wp\/v2\/product_cat?post=33343"},{"taxonomy":"product_tag","embeddable":true,"href":"https:\/\/martinez-perfume.com\/en\/wp-json\/wp\/v2\/product_tag?post=33343"}],"curies":[{"name":"wp","href":"https:\/\/api.w.org\/{rel}","templated":true}]}}