{"id":33339,"date":"2019-09-23T19:54:10","date_gmt":"2019-09-23T16:54:10","guid":{"rendered":"https:\/\/martinez-perfume.com\/en\/product\/vainilla-indulgente\/"},"modified":"2019-09-23T19:54:10","modified_gmt":"2019-09-23T16:54:10","slug":"vainilla-indulgente","status":"publish","type":"product","link":"https:\/\/martinez-perfume.com\/en\/producto\/vainilla-indulgente\/?lang=es","title":{"rendered":"VAINILLA INDULGENTE"},"content":{"rendered":"","protected":false},"excerpt":{"rendered":"<p>Indulgent Vanilla tiene un aroma que se compone de una mezcla \u00fanica de deliciosas notas con vainilla, pralin\u00e9 como estrella. Una delicada mezcla floral y toques vibrantes de c\u00edtricos que dar\u00e1n vida a la fragancia brindando una experiencia sensorial adictiva y seductora. Meticulosamente mezclado para dar un aroma relajante c\u00e1lido, sensual y rom\u00e1ntico.<\/p>\n<p>Composici\u00f3n arom\u00e1tica: vainilla de Tahit\u00ed, cardamomo, haba tonka y bergamota.<\/p>\n<p>Hecho con soja 100% derivada de semillas de soja cultivadas en Estados Unidos para una quemadura limpia y ecol\u00f3gica. Utiliza una mecha de madera, aceite de fragancia de primera calidad y aceites esenciales. Sin aditivos, colorantes, conservantes, ftalatos ni petr\u00f3leo.<\/p>\n","protected":false},"featured_media":33342,"comment_status":"open","ping_status":"closed","template":"","meta":{"_acf_changed":false,"_monsterinsights_skip_tracking":false,"_monsterinsights_sitenote_active":false,"_monsterinsights_sitenote_note":"","_monsterinsights_sitenote_category":0},"product_cat":[360,372],"product_tag":[],"acf":[],"aioseo_notices":[],"_links":{"self":[{"href":"https:\/\/martinez-perfume.com\/en\/wp-json\/wp\/v2\/product\/33339"}],"collection":[{"href":"https:\/\/martinez-perfume.com\/en\/wp-json\/wp\/v2\/product"}],"about":[{"href":"https:\/\/martinez-perfume.com\/en\/wp-json\/wp\/v2\/types\/product"}],"replies":[{"embeddable":true,"href":"https:\/\/martinez-perfume.com\/en\/wp-json\/wp\/v2\/comments?post=33339"}],"wp:featuredmedia":[{"embeddable":true,"href":"https:\/\/martinez-perfume.com\/en\/wp-json\/wp\/v2\/media\/33342"}],"wp:attachment":[{"href":"https:\/\/martinez-perfume.com\/en\/wp-json\/wp\/v2\/media?parent=33339"}],"wp:term":[{"taxonomy":"product_cat","embeddable":true,"href":"https:\/\/martinez-perfume.com\/en\/wp-json\/wp\/v2\/product_cat?post=33339"},{"taxonomy":"product_tag","embeddable":true,"href":"https:\/\/martinez-perfume.com\/en\/wp-json\/wp\/v2\/product_tag?post=33339"}],"curies":[{"name":"wp","href":"https:\/\/api.w.org\/{rel}","templated":true}]}}