{"id":33331,"date":"2019-09-23T19:59:03","date_gmt":"2019-09-23T16:59:03","guid":{"rendered":"https:\/\/martinez-perfume.com\/en\/product\/blanches-de-flores\/"},"modified":"2019-09-23T19:59:03","modified_gmt":"2019-09-23T16:59:03","slug":"blanches-de-flores","status":"publish","type":"product","link":"https:\/\/martinez-perfume.com\/en\/producto\/blanches-de-flores\/?lang=es","title":{"rendered":"BLANCHES DE FLORES"},"content":{"rendered":"","protected":false},"excerpt":{"rendered":"<p>Respire los acordes fragantes de las flores blancas tropicales en plena floraci\u00f3n con Fleurs Blanches. Este aroma de ensue\u00f1o comienza con notas altas de gardenia y c\u00e1scara de lim\u00f3n mientras da paso a un coraz\u00f3n floreciente de nardos, jazm\u00edn y flores verdes. Un suave acabado en polvo le da profundidad a este floral terroso.<\/p>\n<p>Hecho con soja 100% derivada de semillas de soja cultivadas en Estados Unidos para una quemadura limpia y ecol\u00f3gica. Utiliza una mecha de madera, aceite de fragancia de primera calidad y aceites esenciales. Sin aditivos, colorantes, conservantes, ftalatos ni petr\u00f3leo.<\/p>\n","protected":false},"featured_media":33334,"comment_status":"open","ping_status":"closed","template":"","meta":{"_acf_changed":false,"_monsterinsights_skip_tracking":false,"_monsterinsights_sitenote_active":false,"_monsterinsights_sitenote_note":"","_monsterinsights_sitenote_category":0},"product_cat":[360,372],"product_tag":[],"acf":[],"aioseo_notices":[],"_links":{"self":[{"href":"https:\/\/martinez-perfume.com\/en\/wp-json\/wp\/v2\/product\/33331"}],"collection":[{"href":"https:\/\/martinez-perfume.com\/en\/wp-json\/wp\/v2\/product"}],"about":[{"href":"https:\/\/martinez-perfume.com\/en\/wp-json\/wp\/v2\/types\/product"}],"replies":[{"embeddable":true,"href":"https:\/\/martinez-perfume.com\/en\/wp-json\/wp\/v2\/comments?post=33331"}],"wp:featuredmedia":[{"embeddable":true,"href":"https:\/\/martinez-perfume.com\/en\/wp-json\/wp\/v2\/media\/33334"}],"wp:attachment":[{"href":"https:\/\/martinez-perfume.com\/en\/wp-json\/wp\/v2\/media?parent=33331"}],"wp:term":[{"taxonomy":"product_cat","embeddable":true,"href":"https:\/\/martinez-perfume.com\/en\/wp-json\/wp\/v2\/product_cat?post=33331"},{"taxonomy":"product_tag","embeddable":true,"href":"https:\/\/martinez-perfume.com\/en\/wp-json\/wp\/v2\/product_tag?post=33331"}],"curies":[{"name":"wp","href":"https:\/\/api.w.org\/{rel}","templated":true}]}}