{"id":33327,"date":"2019-09-23T20:00:38","date_gmt":"2019-09-23T17:00:38","guid":{"rendered":"https:\/\/martinez-perfume.com\/en\/product\/mango-dulce-y-miel\/"},"modified":"2019-09-23T20:00:38","modified_gmt":"2019-09-23T17:00:38","slug":"mango-dulce-y-miel","status":"publish","type":"product","link":"https:\/\/martinez-perfume.com\/en\/producto\/mango-dulce-y-miel\/?lang=es","title":{"rendered":"MANGO DULCE Y MIEL"},"content":{"rendered":"","protected":false},"excerpt":{"rendered":"<p>Fresco y suculento, con un matiz dulce de miel.<\/p>\n<p>Esta es nuestra interpretaci\u00f3n moderna de un aroma afrutado en combinaci\u00f3n con mango maduro y trozos de mel\u00f3n con un ligero sabor a miel.<\/p>\n<p>Un dulce aroma gourmet.<\/p>\n","protected":false},"featured_media":33330,"comment_status":"open","ping_status":"closed","template":"","meta":{"_acf_changed":false,"_monsterinsights_skip_tracking":false,"_monsterinsights_sitenote_active":false,"_monsterinsights_sitenote_note":"","_monsterinsights_sitenote_category":0},"product_cat":[360,372],"product_tag":[],"acf":[],"aioseo_notices":[],"_links":{"self":[{"href":"https:\/\/martinez-perfume.com\/en\/wp-json\/wp\/v2\/product\/33327"}],"collection":[{"href":"https:\/\/martinez-perfume.com\/en\/wp-json\/wp\/v2\/product"}],"about":[{"href":"https:\/\/martinez-perfume.com\/en\/wp-json\/wp\/v2\/types\/product"}],"replies":[{"embeddable":true,"href":"https:\/\/martinez-perfume.com\/en\/wp-json\/wp\/v2\/comments?post=33327"}],"wp:featuredmedia":[{"embeddable":true,"href":"https:\/\/martinez-perfume.com\/en\/wp-json\/wp\/v2\/media\/33330"}],"wp:attachment":[{"href":"https:\/\/martinez-perfume.com\/en\/wp-json\/wp\/v2\/media?parent=33327"}],"wp:term":[{"taxonomy":"product_cat","embeddable":true,"href":"https:\/\/martinez-perfume.com\/en\/wp-json\/wp\/v2\/product_cat?post=33327"},{"taxonomy":"product_tag","embeddable":true,"href":"https:\/\/martinez-perfume.com\/en\/wp-json\/wp\/v2\/product_tag?post=33327"}],"curies":[{"name":"wp","href":"https:\/\/api.w.org\/{rel}","templated":true}]}}