{"id":33323,"date":"2019-09-23T20:01:52","date_gmt":"2019-09-23T17:01:52","guid":{"rendered":"https:\/\/martinez-perfume.com\/en\/product\/hoja-y-oud-de-patchouli\/"},"modified":"2019-09-23T20:01:52","modified_gmt":"2019-09-23T17:01:52","slug":"hoja-y-oud-de-patchouli","status":"publish","type":"product","link":"https:\/\/martinez-perfume.com\/en\/producto\/hoja-y-oud-de-patchouli\/?lang=es","title":{"rendered":"HOJA Y OUD DE PATCHOULI"},"content":{"rendered":"","protected":false},"excerpt":{"rendered":"<p>Patchouli y Oud combinando notas de rica hoja de pachul\u00ed con un toque de Oud del \u00e1rbol de agar tropical. Con la profundidad y la fuerza de la suave amaderada Oud que crea un rico aroma fragante, que es c\u00e1lido y reconfortante. Este es tambi\u00e9n un aroma que es ideal para reducir los sentimientos y s\u00edntomas de estr\u00e9s y nerviosismo. Es un verdadero alivio de la mente.<\/p>\n<p>Hecho con soja 100% derivada de semillas de soja cultivadas en Estados Unidos para una quemadura limpia y ecol\u00f3gica. Utiliza una mecha de madera, aceite de fragancia de primera calidad y aceites esenciales. Sin aditivos, colorantes, conservantes, ftalatos ni petr\u00f3leo.<\/p>\n","protected":false},"featured_media":33326,"comment_status":"open","ping_status":"closed","template":"","meta":{"_acf_changed":false,"_monsterinsights_skip_tracking":false,"_monsterinsights_sitenote_active":false,"_monsterinsights_sitenote_note":"","_monsterinsights_sitenote_category":0},"product_cat":[360,372],"product_tag":[],"acf":[],"aioseo_notices":[],"_links":{"self":[{"href":"https:\/\/martinez-perfume.com\/en\/wp-json\/wp\/v2\/product\/33323"}],"collection":[{"href":"https:\/\/martinez-perfume.com\/en\/wp-json\/wp\/v2\/product"}],"about":[{"href":"https:\/\/martinez-perfume.com\/en\/wp-json\/wp\/v2\/types\/product"}],"replies":[{"embeddable":true,"href":"https:\/\/martinez-perfume.com\/en\/wp-json\/wp\/v2\/comments?post=33323"}],"wp:featuredmedia":[{"embeddable":true,"href":"https:\/\/martinez-perfume.com\/en\/wp-json\/wp\/v2\/media\/33326"}],"wp:attachment":[{"href":"https:\/\/martinez-perfume.com\/en\/wp-json\/wp\/v2\/media?parent=33323"}],"wp:term":[{"taxonomy":"product_cat","embeddable":true,"href":"https:\/\/martinez-perfume.com\/en\/wp-json\/wp\/v2\/product_cat?post=33323"},{"taxonomy":"product_tag","embeddable":true,"href":"https:\/\/martinez-perfume.com\/en\/wp-json\/wp\/v2\/product_tag?post=33323"}],"curies":[{"name":"wp","href":"https:\/\/api.w.org\/{rel}","templated":true}]}}