{"id":33320,"date":"2020-02-06T20:29:00","date_gmt":"2020-02-06T18:29:00","guid":{"rendered":"https:\/\/martinez-perfume.com\/en\/product\/fragancia-para-el-hogar-hojas-de-higo\/"},"modified":"2021-08-03T11:22:28","modified_gmt":"2021-08-03T08:22:28","slug":"fragancia-para-el-hogar-hojas-de-higo","status":"publish","type":"product","link":"https:\/\/martinez-perfume.com\/en\/producto\/fragancia-para-el-hogar-hojas-de-higo\/?lang=es","title":{"rendered":"Fragancia para el hogar <br> FIG LEAVES"},"content":{"rendered":"","protected":false},"excerpt":{"rendered":"<p>HOJAS DE HIGO Hojas de Higo tiene un aroma que captura nuestro coraz\u00f3n con su familiar y amable sensaci\u00f3n. Crea un c\u00e1lido ambiente hogare\u00f1o y realmente crear\u00e1 una atm\u00f3sfera acogedora. Tiene una mezcla de higuera le\u00f1osa con la indulgencia de los higos afrutados. Esto tambi\u00e9n es ideal para esas noches de oto\u00f1o e invierno.<\/p>\n","protected":false},"featured_media":33322,"comment_status":"open","ping_status":"closed","template":"","meta":{"_acf_changed":false,"_monsterinsights_skip_tracking":false,"_monsterinsights_sitenote_active":false,"_monsterinsights_sitenote_note":"","_monsterinsights_sitenote_category":0},"product_cat":[359],"product_tag":[],"acf":[],"aioseo_notices":[],"_links":{"self":[{"href":"https:\/\/martinez-perfume.com\/en\/wp-json\/wp\/v2\/product\/33320"}],"collection":[{"href":"https:\/\/martinez-perfume.com\/en\/wp-json\/wp\/v2\/product"}],"about":[{"href":"https:\/\/martinez-perfume.com\/en\/wp-json\/wp\/v2\/types\/product"}],"replies":[{"embeddable":true,"href":"https:\/\/martinez-perfume.com\/en\/wp-json\/wp\/v2\/comments?post=33320"}],"wp:featuredmedia":[{"embeddable":true,"href":"https:\/\/martinez-perfume.com\/en\/wp-json\/wp\/v2\/media\/33322"}],"wp:attachment":[{"href":"https:\/\/martinez-perfume.com\/en\/wp-json\/wp\/v2\/media?parent=33320"}],"wp:term":[{"taxonomy":"product_cat","embeddable":true,"href":"https:\/\/martinez-perfume.com\/en\/wp-json\/wp\/v2\/product_cat?post=33320"},{"taxonomy":"product_tag","embeddable":true,"href":"https:\/\/martinez-perfume.com\/en\/wp-json\/wp\/v2\/product_tag?post=33320"}],"curies":[{"name":"wp","href":"https:\/\/api.w.org\/{rel}","templated":true}]}}