{"id":33317,"date":"2020-02-06T20:36:04","date_gmt":"2020-02-06T18:36:04","guid":{"rendered":"https:\/\/martinez-perfume.com\/en\/product\/fragancia-para-el-hogar-patchouli-oud-satin-mood\/"},"modified":"2023-12-12T14:16:40","modified_gmt":"2023-12-12T12:16:40","slug":"fragancia-para-el-hogar-patchouli-oud-satin-mood","status":"publish","type":"product","link":"https:\/\/martinez-perfume.com\/en\/producto\/fragancia-para-el-hogar-patchouli-oud-satin-mood\/?lang=es","title":{"rendered":"Fragancia para el hogar <br> PATCHOULI OUD SATIN MOOD"},"content":{"rendered":"","protected":false},"excerpt":{"rendered":"<p>PATCHOULI OUD Patchouli y Oud mezclando notas de rica hoja de pachul\u00ed con un toque de Oud del \u00e1rbol de agar tropical. Con la profundidad y la fuerza de la suave amaderada Oud que crea un rico aroma fragante, que es c\u00e1lido y reconfortante. Este es tambi\u00e9n un aroma que es ideal para reducir los sentimientos y s\u00edntomas de estr\u00e9s y nerviosismo. Es un verdadero alivio de la mente.<\/p>\n","protected":false},"featured_media":33319,"comment_status":"open","ping_status":"closed","template":"","meta":{"_acf_changed":false,"_monsterinsights_skip_tracking":false,"_monsterinsights_sitenote_active":false,"_monsterinsights_sitenote_note":"","_monsterinsights_sitenote_category":0},"product_cat":[359],"product_tag":[],"acf":[],"aioseo_notices":[],"_links":{"self":[{"href":"https:\/\/martinez-perfume.com\/en\/wp-json\/wp\/v2\/product\/33317"}],"collection":[{"href":"https:\/\/martinez-perfume.com\/en\/wp-json\/wp\/v2\/product"}],"about":[{"href":"https:\/\/martinez-perfume.com\/en\/wp-json\/wp\/v2\/types\/product"}],"replies":[{"embeddable":true,"href":"https:\/\/martinez-perfume.com\/en\/wp-json\/wp\/v2\/comments?post=33317"}],"wp:featuredmedia":[{"embeddable":true,"href":"https:\/\/martinez-perfume.com\/en\/wp-json\/wp\/v2\/media\/33319"}],"wp:attachment":[{"href":"https:\/\/martinez-perfume.com\/en\/wp-json\/wp\/v2\/media?parent=33317"}],"wp:term":[{"taxonomy":"product_cat","embeddable":true,"href":"https:\/\/martinez-perfume.com\/en\/wp-json\/wp\/v2\/product_cat?post=33317"},{"taxonomy":"product_tag","embeddable":true,"href":"https:\/\/martinez-perfume.com\/en\/wp-json\/wp\/v2\/product_tag?post=33317"}],"curies":[{"name":"wp","href":"https:\/\/api.w.org\/{rel}","templated":true}]}}