{"id":33314,"date":"2020-02-06T21:06:28","date_gmt":"2020-02-06T19:06:28","guid":{"rendered":"https:\/\/martinez-perfume.com\/en\/product\/fragancia-para-el-hogar-peony-blush\/"},"modified":"2020-02-06T21:06:28","modified_gmt":"2020-02-06T19:06:28","slug":"fragancia-para-el-hogar-peony-blush","status":"publish","type":"product","link":"https:\/\/martinez-perfume.com\/en\/producto\/fragancia-para-el-hogar-peony-blush\/?lang=es","title":{"rendered":"Fragancia para el hogar <br> PEONY BLUSH"},"content":{"rendered":"","protected":false},"excerpt":{"rendered":"<p>PEONY BLUSH Peony Blush es una brillante combinaci\u00f3n de ramos de p\u00e9talos de peon\u00eda. Este olor resalta una delicada dulzura de su sobria sofisticaci\u00f3n. Este aroma te recordar\u00e1 los paseos nocturnos por el parque. Aportar\u00e1 una sensaci\u00f3n de inocencia y alegr\u00eda juvenil, evocar\u00e1 tambi\u00e9n una sensualidad voluptuosa, emitiendo un encanto misterioso.<\/p>\n","protected":false},"featured_media":33316,"comment_status":"open","ping_status":"closed","template":"","meta":{"_acf_changed":false,"_monsterinsights_skip_tracking":false,"_monsterinsights_sitenote_active":false,"_monsterinsights_sitenote_note":"","_monsterinsights_sitenote_category":0},"product_cat":[359],"product_tag":[],"acf":[],"aioseo_notices":[],"_links":{"self":[{"href":"https:\/\/martinez-perfume.com\/en\/wp-json\/wp\/v2\/product\/33314"}],"collection":[{"href":"https:\/\/martinez-perfume.com\/en\/wp-json\/wp\/v2\/product"}],"about":[{"href":"https:\/\/martinez-perfume.com\/en\/wp-json\/wp\/v2\/types\/product"}],"replies":[{"embeddable":true,"href":"https:\/\/martinez-perfume.com\/en\/wp-json\/wp\/v2\/comments?post=33314"}],"wp:featuredmedia":[{"embeddable":true,"href":"https:\/\/martinez-perfume.com\/en\/wp-json\/wp\/v2\/media\/33316"}],"wp:attachment":[{"href":"https:\/\/martinez-perfume.com\/en\/wp-json\/wp\/v2\/media?parent=33314"}],"wp:term":[{"taxonomy":"product_cat","embeddable":true,"href":"https:\/\/martinez-perfume.com\/en\/wp-json\/wp\/v2\/product_cat?post=33314"},{"taxonomy":"product_tag","embeddable":true,"href":"https:\/\/martinez-perfume.com\/en\/wp-json\/wp\/v2\/product_tag?post=33314"}],"curies":[{"name":"wp","href":"https:\/\/api.w.org\/{rel}","templated":true}]}}