{"id":33311,"date":"2020-02-06T21:08:43","date_gmt":"2020-02-06T19:08:43","guid":{"rendered":"https:\/\/martinez-perfume.com\/en\/product\/home-fragrance-cookie-dreams\/"},"modified":"2021-07-20T18:06:59","modified_gmt":"2021-07-20T15:06:59","slug":"fragancia-para-el-hogar-cookie-dreams","status":"publish","type":"product","link":"https:\/\/martinez-perfume.com\/en\/producto\/fragancia-para-el-hogar-cookie-dreams\/?lang=es","title":{"rendered":"Fragancia para el hogar <br> COOKIE DREAMS"},"content":{"rendered":"","protected":false},"excerpt":{"rendered":"<p>COOKIE DREAMS Cookie Dreams es una suntuosa y delicada combinaci\u00f3n de galletas, vainilla y una rica crema. Huele a galletas reci\u00e9n horneadas con un toque de vainilla y especias. Esto llenar\u00e1 su hogar de un aroma duradero, tambi\u00e9n muy adecuado para el comedor y el dormitorio. El aroma te transportar\u00e1 en un viaje en el tiempo a las galletas de horno horneadas de tu madre. Esto crear\u00e1 el estado de \u00e1nimo de un beso de fragancia donde y cuando el estado de \u00e1nimo lo lleve.<\/p>\n","protected":false},"featured_media":33313,"comment_status":"open","ping_status":"closed","template":"","meta":{"_acf_changed":false,"_monsterinsights_skip_tracking":false,"_monsterinsights_sitenote_active":false,"_monsterinsights_sitenote_note":"","_monsterinsights_sitenote_category":0},"product_cat":[359],"product_tag":[],"acf":[],"aioseo_notices":[],"_links":{"self":[{"href":"https:\/\/martinez-perfume.com\/en\/wp-json\/wp\/v2\/product\/33311"}],"collection":[{"href":"https:\/\/martinez-perfume.com\/en\/wp-json\/wp\/v2\/product"}],"about":[{"href":"https:\/\/martinez-perfume.com\/en\/wp-json\/wp\/v2\/types\/product"}],"replies":[{"embeddable":true,"href":"https:\/\/martinez-perfume.com\/en\/wp-json\/wp\/v2\/comments?post=33311"}],"wp:featuredmedia":[{"embeddable":true,"href":"https:\/\/martinez-perfume.com\/en\/wp-json\/wp\/v2\/media\/33313"}],"wp:attachment":[{"href":"https:\/\/martinez-perfume.com\/en\/wp-json\/wp\/v2\/media?parent=33311"}],"wp:term":[{"taxonomy":"product_cat","embeddable":true,"href":"https:\/\/martinez-perfume.com\/en\/wp-json\/wp\/v2\/product_cat?post=33311"},{"taxonomy":"product_tag","embeddable":true,"href":"https:\/\/martinez-perfume.com\/en\/wp-json\/wp\/v2\/product_tag?post=33311"}],"curies":[{"name":"wp","href":"https:\/\/api.w.org\/{rel}","templated":true}]}}