{"id":33308,"date":"2020-02-06T21:11:00","date_gmt":"2020-02-06T19:11:00","guid":{"rendered":"https:\/\/martinez-perfume.com\/en\/product\/fragancia-para-el-hogar-relax\/"},"modified":"2020-02-06T21:11:00","modified_gmt":"2020-02-06T19:11:00","slug":"fragancia-para-el-hogar-relax","status":"publish","type":"product","link":"https:\/\/martinez-perfume.com\/en\/producto\/fragancia-para-el-hogar-relax\/?lang=es","title":{"rendered":"Fragancia para el hogar <br> RELAX"},"content":{"rendered":"","protected":false},"excerpt":{"rendered":"<p>RELAX Relax es un aroma que se inspir\u00f3 para transformar el espacio que te rodea en un remanso de almeja, tranquilidad. Esto tambi\u00e9n ayudar\u00e1 a aliviar el estr\u00e9s y mejorar\u00e1 su bienestar. Una fragancia terap\u00e9utica que te har\u00e1 sentir m\u00e1s feliz, relajado y lleno de energ\u00eda, brind\u00e1ndote un estado de \u00e1nimo positivo. Relaxed se puede utilizar cuando se duerme felizmente durante un masaje relajante o un ba\u00f1o relajante de agua tibia.<\/p>\n","protected":false},"featured_media":33310,"comment_status":"open","ping_status":"closed","template":"","meta":{"_acf_changed":false,"_monsterinsights_skip_tracking":false,"_monsterinsights_sitenote_active":false,"_monsterinsights_sitenote_note":"","_monsterinsights_sitenote_category":0},"product_cat":[359],"product_tag":[],"acf":[],"aioseo_notices":[],"_links":{"self":[{"href":"https:\/\/martinez-perfume.com\/en\/wp-json\/wp\/v2\/product\/33308"}],"collection":[{"href":"https:\/\/martinez-perfume.com\/en\/wp-json\/wp\/v2\/product"}],"about":[{"href":"https:\/\/martinez-perfume.com\/en\/wp-json\/wp\/v2\/types\/product"}],"replies":[{"embeddable":true,"href":"https:\/\/martinez-perfume.com\/en\/wp-json\/wp\/v2\/comments?post=33308"}],"wp:featuredmedia":[{"embeddable":true,"href":"https:\/\/martinez-perfume.com\/en\/wp-json\/wp\/v2\/media\/33310"}],"wp:attachment":[{"href":"https:\/\/martinez-perfume.com\/en\/wp-json\/wp\/v2\/media?parent=33308"}],"wp:term":[{"taxonomy":"product_cat","embeddable":true,"href":"https:\/\/martinez-perfume.com\/en\/wp-json\/wp\/v2\/product_cat?post=33308"},{"taxonomy":"product_tag","embeddable":true,"href":"https:\/\/martinez-perfume.com\/en\/wp-json\/wp\/v2\/product_tag?post=33308"}],"curies":[{"name":"wp","href":"https:\/\/api.w.org\/{rel}","templated":true}]}}