{"id":33305,"date":"2020-02-06T21:13:48","date_gmt":"2020-02-06T19:13:48","guid":{"rendered":"https:\/\/martinez-perfume.com\/en\/product\/fragancia-para-el-hogar-woody-blend\/"},"modified":"2020-02-06T21:13:48","modified_gmt":"2020-02-06T19:13:48","slug":"fragancia-para-el-hogar-woody-blend","status":"publish","type":"product","link":"https:\/\/martinez-perfume.com\/en\/producto\/fragancia-para-el-hogar-woody-blend\/?lang=es","title":{"rendered":"Fragancia para el hogar <br> WOODY BLEND"},"content":{"rendered":"","protected":false},"excerpt":{"rendered":"<p>WOODY BLEND Woody Blend es una fragancia inspirada en el aroma de los bosques. Este es un c\u00f3ctel de maderas especiadas con c\u00e1lidas notas almizcladas para llenar tu hogar. Es un aroma c\u00e1lido y acogedor con un toque de chipre amaderado que es una mezcla maravillosamente compleja de ingredientes c\u00e1lidos que huele a oto\u00f1o.<\/p>\n","protected":false},"featured_media":33307,"comment_status":"open","ping_status":"closed","template":"","meta":{"_acf_changed":false,"_monsterinsights_skip_tracking":false,"_monsterinsights_sitenote_active":false,"_monsterinsights_sitenote_note":"","_monsterinsights_sitenote_category":0},"product_cat":[359],"product_tag":[],"acf":[],"aioseo_notices":[],"_links":{"self":[{"href":"https:\/\/martinez-perfume.com\/en\/wp-json\/wp\/v2\/product\/33305"}],"collection":[{"href":"https:\/\/martinez-perfume.com\/en\/wp-json\/wp\/v2\/product"}],"about":[{"href":"https:\/\/martinez-perfume.com\/en\/wp-json\/wp\/v2\/types\/product"}],"replies":[{"embeddable":true,"href":"https:\/\/martinez-perfume.com\/en\/wp-json\/wp\/v2\/comments?post=33305"}],"wp:featuredmedia":[{"embeddable":true,"href":"https:\/\/martinez-perfume.com\/en\/wp-json\/wp\/v2\/media\/33307"}],"wp:attachment":[{"href":"https:\/\/martinez-perfume.com\/en\/wp-json\/wp\/v2\/media?parent=33305"}],"wp:term":[{"taxonomy":"product_cat","embeddable":true,"href":"https:\/\/martinez-perfume.com\/en\/wp-json\/wp\/v2\/product_cat?post=33305"},{"taxonomy":"product_tag","embeddable":true,"href":"https:\/\/martinez-perfume.com\/en\/wp-json\/wp\/v2\/product_tag?post=33305"}],"curies":[{"name":"wp","href":"https:\/\/api.w.org\/{rel}","templated":true}]}}