{"id":33302,"date":"2020-02-06T21:17:24","date_gmt":"2020-02-06T19:17:24","guid":{"rendered":"https:\/\/martinez-perfume.com\/en\/product\/fragancia-para-el-hogar-mango-sandia\/"},"modified":"2021-08-03T11:28:43","modified_gmt":"2021-08-03T08:28:43","slug":"fragancia-para-el-hogar-mango-sandia","status":"publish","type":"product","link":"https:\/\/martinez-perfume.com\/en\/producto\/fragancia-para-el-hogar-mango-sandia\/?lang=es","title":{"rendered":"Fragancia para el hogar <br> MANGO &#038; WATERMELON"},"content":{"rendered":"","protected":false},"excerpt":{"rendered":"<p>MANGO y SAND\u00cdA Mango y Sand\u00eda es una fragancia dulce, fresca y madura que captura un delicioso placer de verano. El aroma casero afrutado es delicioso, con notas de sand\u00eda y delicado mango dulce. Evocar\u00e1 im\u00e1genes de islas tropicales en el para\u00edso mundial de playas de arena, mares calmantes, c\u00f3cteles de ron y relajaci\u00f3n bajo el c\u00e1lido sol.<\/p>\n","protected":false},"featured_media":33304,"comment_status":"open","ping_status":"closed","template":"","meta":{"_acf_changed":false,"_monsterinsights_skip_tracking":false,"_monsterinsights_sitenote_active":false,"_monsterinsights_sitenote_note":"","_monsterinsights_sitenote_category":0},"product_cat":[359],"product_tag":[],"acf":[],"aioseo_notices":[],"_links":{"self":[{"href":"https:\/\/martinez-perfume.com\/en\/wp-json\/wp\/v2\/product\/33302"}],"collection":[{"href":"https:\/\/martinez-perfume.com\/en\/wp-json\/wp\/v2\/product"}],"about":[{"href":"https:\/\/martinez-perfume.com\/en\/wp-json\/wp\/v2\/types\/product"}],"replies":[{"embeddable":true,"href":"https:\/\/martinez-perfume.com\/en\/wp-json\/wp\/v2\/comments?post=33302"}],"wp:featuredmedia":[{"embeddable":true,"href":"https:\/\/martinez-perfume.com\/en\/wp-json\/wp\/v2\/media\/33304"}],"wp:attachment":[{"href":"https:\/\/martinez-perfume.com\/en\/wp-json\/wp\/v2\/media?parent=33302"}],"wp:term":[{"taxonomy":"product_cat","embeddable":true,"href":"https:\/\/martinez-perfume.com\/en\/wp-json\/wp\/v2\/product_cat?post=33302"},{"taxonomy":"product_tag","embeddable":true,"href":"https:\/\/martinez-perfume.com\/en\/wp-json\/wp\/v2\/product_tag?post=33302"}],"curies":[{"name":"wp","href":"https:\/\/api.w.org\/{rel}","templated":true}]}}