{"id":33299,"date":"2020-02-06T21:19:13","date_gmt":"2020-02-06T19:19:13","guid":{"rendered":"https:\/\/martinez-perfume.com\/en\/product\/fragancia-para-el-hogar-dolce-vita\/"},"modified":"2024-11-30T08:13:06","modified_gmt":"2024-11-30T06:13:06","slug":"fragancia-para-el-hogar-dolce-vita","status":"publish","type":"product","link":"https:\/\/martinez-perfume.com\/en\/producto\/fragancia-para-el-hogar-dolce-vita\/?lang=es","title":{"rendered":"Fragancia para el hogar <br> DOLCE VITA"},"content":{"rendered":"","protected":false},"excerpt":{"rendered":"<p>DOLCE VITA Dolce Vita es un aroma inspirado en la belleza y la vitalidad de los placeres de la vida. Darse el capricho de las cosas que amas y disfrutar de las cosas buenas de la vida. Dolce Via es una fragancia deliciosamente chispeante que combina notas florales embriagadoras de orqu\u00eddeas fusionadas con notas de base c\u00e1lidas y lujosas de vaina de vainilla, que lo llevar\u00e1n en un viaje a lo largo de la pintoresca costa italiana.<\/p>\n","protected":false},"featured_media":33301,"comment_status":"open","ping_status":"closed","template":"","meta":{"_acf_changed":false,"_monsterinsights_skip_tracking":false,"_monsterinsights_sitenote_active":false,"_monsterinsights_sitenote_note":"","_monsterinsights_sitenote_category":0},"product_cat":[359],"product_tag":[],"acf":[],"aioseo_notices":[],"_links":{"self":[{"href":"https:\/\/martinez-perfume.com\/en\/wp-json\/wp\/v2\/product\/33299"}],"collection":[{"href":"https:\/\/martinez-perfume.com\/en\/wp-json\/wp\/v2\/product"}],"about":[{"href":"https:\/\/martinez-perfume.com\/en\/wp-json\/wp\/v2\/types\/product"}],"replies":[{"embeddable":true,"href":"https:\/\/martinez-perfume.com\/en\/wp-json\/wp\/v2\/comments?post=33299"}],"wp:featuredmedia":[{"embeddable":true,"href":"https:\/\/martinez-perfume.com\/en\/wp-json\/wp\/v2\/media\/33301"}],"wp:attachment":[{"href":"https:\/\/martinez-perfume.com\/en\/wp-json\/wp\/v2\/media?parent=33299"}],"wp:term":[{"taxonomy":"product_cat","embeddable":true,"href":"https:\/\/martinez-perfume.com\/en\/wp-json\/wp\/v2\/product_cat?post=33299"},{"taxonomy":"product_tag","embeddable":true,"href":"https:\/\/martinez-perfume.com\/en\/wp-json\/wp\/v2\/product_tag?post=33299"}],"curies":[{"name":"wp","href":"https:\/\/api.w.org\/{rel}","templated":true}]}}