{"id":33296,"date":"2020-02-06T21:20:50","date_gmt":"2020-02-06T19:20:50","guid":{"rendered":"https:\/\/martinez-perfume.com\/en\/product\/fragancia-para-el-hogar-luxury-vanilla\/"},"modified":"2020-02-06T21:20:50","modified_gmt":"2020-02-06T19:20:50","slug":"fragancia-para-el-hogar-luxury-vanilla","status":"publish","type":"product","link":"https:\/\/martinez-perfume.com\/en\/producto\/fragancia-para-el-hogar-luxury-vanilla\/?lang=es","title":{"rendered":"Fragancia para el hogar <br> LUXURY VANILLA"},"content":{"rendered":"","protected":false},"excerpt":{"rendered":"<p>LUXURY VANILLA Luxury Vanilla tiene un aroma que se compone de una mezcla \u00fanica de deliciosas notas con vainilla, pralin\u00e9 como estrella. Una delicada mezcla floral y toques vibrantes de c\u00edtricos que dar\u00e1n vida a la fragancia brindando una experiencia sensorial adictiva y seductora. Utilizando productos qu\u00edmicos meticulosamente mezclados para dar un aroma relajante c\u00e1lido, sensual y rom\u00e1ntico.<\/p>\n","protected":false},"featured_media":33298,"comment_status":"open","ping_status":"closed","template":"","meta":{"_acf_changed":false,"_monsterinsights_skip_tracking":false,"_monsterinsights_sitenote_active":false,"_monsterinsights_sitenote_note":"","_monsterinsights_sitenote_category":0},"product_cat":[359],"product_tag":[],"acf":[],"aioseo_notices":[],"_links":{"self":[{"href":"https:\/\/martinez-perfume.com\/en\/wp-json\/wp\/v2\/product\/33296"}],"collection":[{"href":"https:\/\/martinez-perfume.com\/en\/wp-json\/wp\/v2\/product"}],"about":[{"href":"https:\/\/martinez-perfume.com\/en\/wp-json\/wp\/v2\/types\/product"}],"replies":[{"embeddable":true,"href":"https:\/\/martinez-perfume.com\/en\/wp-json\/wp\/v2\/comments?post=33296"}],"wp:featuredmedia":[{"embeddable":true,"href":"https:\/\/martinez-perfume.com\/en\/wp-json\/wp\/v2\/media\/33298"}],"wp:attachment":[{"href":"https:\/\/martinez-perfume.com\/en\/wp-json\/wp\/v2\/media?parent=33296"}],"wp:term":[{"taxonomy":"product_cat","embeddable":true,"href":"https:\/\/martinez-perfume.com\/en\/wp-json\/wp\/v2\/product_cat?post=33296"},{"taxonomy":"product_tag","embeddable":true,"href":"https:\/\/martinez-perfume.com\/en\/wp-json\/wp\/v2\/product_tag?post=33296"}],"curies":[{"name":"wp","href":"https:\/\/api.w.org\/{rel}","templated":true}]}}