{"id":33293,"date":"2020-02-06T21:21:53","date_gmt":"2020-02-06T19:21:53","guid":{"rendered":"https:\/\/martinez-perfume.com\/en\/product\/fragancia-para-el-hogar-royal\/"},"modified":"2020-02-06T21:21:53","modified_gmt":"2020-02-06T19:21:53","slug":"fragancia-para-el-hogar-royal","status":"publish","type":"product","link":"https:\/\/martinez-perfume.com\/en\/producto\/fragancia-para-el-hogar-royal\/?lang=es","title":{"rendered":"Fragancia para el hogar <br> ROYAL"},"content":{"rendered":"","protected":false},"excerpt":{"rendered":"<p>ROYAL Royal es una fragancia sofisticada que se ha inspirado en la riqueza de la vida. Este aroma ex\u00f3tico captura la imaginaci\u00f3n de la comodidad, la calidez y la elegancia de una vida. Este aroma incre\u00edblemente hermoso combina una mezcla de notas c\u00edtricas y florales con un ligero toque oriental. Esto traer\u00e1 una presencia real a cualquier habitaci\u00f3n. Es una fragancia inusual que es un verdadero culto, que rezuma riqueza y opulencia.<\/p>\n","protected":false},"featured_media":33295,"comment_status":"open","ping_status":"closed","template":"","meta":{"_acf_changed":false,"_monsterinsights_skip_tracking":false,"_monsterinsights_sitenote_active":false,"_monsterinsights_sitenote_note":"","_monsterinsights_sitenote_category":0},"product_cat":[359],"product_tag":[],"acf":[],"aioseo_notices":[],"_links":{"self":[{"href":"https:\/\/martinez-perfume.com\/en\/wp-json\/wp\/v2\/product\/33293"}],"collection":[{"href":"https:\/\/martinez-perfume.com\/en\/wp-json\/wp\/v2\/product"}],"about":[{"href":"https:\/\/martinez-perfume.com\/en\/wp-json\/wp\/v2\/types\/product"}],"replies":[{"embeddable":true,"href":"https:\/\/martinez-perfume.com\/en\/wp-json\/wp\/v2\/comments?post=33293"}],"wp:featuredmedia":[{"embeddable":true,"href":"https:\/\/martinez-perfume.com\/en\/wp-json\/wp\/v2\/media\/33295"}],"wp:attachment":[{"href":"https:\/\/martinez-perfume.com\/en\/wp-json\/wp\/v2\/media?parent=33293"}],"wp:term":[{"taxonomy":"product_cat","embeddable":true,"href":"https:\/\/martinez-perfume.com\/en\/wp-json\/wp\/v2\/product_cat?post=33293"},{"taxonomy":"product_tag","embeddable":true,"href":"https:\/\/martinez-perfume.com\/en\/wp-json\/wp\/v2\/product_tag?post=33293"}],"curies":[{"name":"wp","href":"https:\/\/api.w.org\/{rel}","templated":true}]}}