{"id":33290,"date":"2020-02-06T21:23:57","date_gmt":"2020-02-06T19:23:57","guid":{"rendered":"https:\/\/martinez-perfume.com\/en\/product\/fragancia-para-el-hogar-bakhour\/"},"modified":"2020-02-06T21:23:57","modified_gmt":"2020-02-06T19:23:57","slug":"fragancia-para-el-hogar-bakhour","status":"publish","type":"product","link":"https:\/\/martinez-perfume.com\/en\/producto\/fragancia-para-el-hogar-bakhour\/?lang=es","title":{"rendered":"Fragancia para el hogar <br> BAKHOUR"},"content":{"rendered":"","protected":false},"excerpt":{"rendered":"<p>Bakhour es una mezcla de ingredientes naturales tradicionales, principalmente astillas de madera. Tambi\u00e9n contiene Oudh, que es el nombre \u00e1rabe de Argerwood \/ Aloewood, que se empapan en aceites fragantes y se mezclan con otros ingredientes naturales como resina, almizcle, s\u00e1ndalo y aceites esenciales. Esto tambi\u00e9n es bueno para crear una atm\u00f3sfera pac\u00edfica y espiritual en la casa. Khama de la mente est\u00e1 asegurado.<\/p>\n","protected":false},"featured_media":33292,"comment_status":"open","ping_status":"closed","template":"","meta":{"_acf_changed":false,"_monsterinsights_skip_tracking":false,"_monsterinsights_sitenote_active":false,"_monsterinsights_sitenote_note":"","_monsterinsights_sitenote_category":0},"product_cat":[359],"product_tag":[],"acf":[],"aioseo_notices":[],"_links":{"self":[{"href":"https:\/\/martinez-perfume.com\/en\/wp-json\/wp\/v2\/product\/33290"}],"collection":[{"href":"https:\/\/martinez-perfume.com\/en\/wp-json\/wp\/v2\/product"}],"about":[{"href":"https:\/\/martinez-perfume.com\/en\/wp-json\/wp\/v2\/types\/product"}],"replies":[{"embeddable":true,"href":"https:\/\/martinez-perfume.com\/en\/wp-json\/wp\/v2\/comments?post=33290"}],"wp:featuredmedia":[{"embeddable":true,"href":"https:\/\/martinez-perfume.com\/en\/wp-json\/wp\/v2\/media\/33292"}],"wp:attachment":[{"href":"https:\/\/martinez-perfume.com\/en\/wp-json\/wp\/v2\/media?parent=33290"}],"wp:term":[{"taxonomy":"product_cat","embeddable":true,"href":"https:\/\/martinez-perfume.com\/en\/wp-json\/wp\/v2\/product_cat?post=33290"},{"taxonomy":"product_tag","embeddable":true,"href":"https:\/\/martinez-perfume.com\/en\/wp-json\/wp\/v2\/product_tag?post=33290"}],"curies":[{"name":"wp","href":"https:\/\/api.w.org\/{rel}","templated":true}]}}